{"id":87,"date":"2024-06-25T10:46:32","date_gmt":"2024-06-25T10:46:32","guid":{"rendered":"http:\/\/karahanyurtlar.com\/index.php\/home\/"},"modified":"2024-08-19T08:38:47","modified_gmt":"2024-08-19T08:38:47","slug":"home","status":"publish","type":"page","link":"http:\/\/karahanyurtlar.com\/","title":{"rendered":"ANA SAYFA"},"content":{"rendered":"\n<blockquote class=\"wp-embedded-content\" data-secret=\"7SwKQwfVqd\"><a href=\"http:\/\/karahanyurtlar.com\/index.php\/tr\/home\/\">ANA SAYFA<\/a><\/blockquote><iframe class=\"wp-embedded-content\" sandbox=\"allow-scripts\" security=\"restricted\" style=\"position: absolute; visibility: hidden;\" title=\"&#8220;ANA SAYFA&#8221; &#8212; \u00d6ZEL ANKARA KARAHAN Y\u00dcKSEK\u00d6\u011eREN\u0130M KIZ \u00d6\u011eRENC\u0130 YURDU\" src=\"http:\/\/karahanyurtlar.com\/index.php\/tr\/home\/embed\/#?secret=JgpWsPgvqi#?secret=7SwKQwfVqd\" data-secret=\"7SwKQwfVqd\" width=\"500\" height=\"282\" frameborder=\"0\" marginwidth=\"0\" marginheight=\"0\" scrolling=\"no\"><\/iframe>\n","protected":false},"excerpt":{"rendered":"<p>ANA SAYFA<\/p>\n","protected":false},"author":1,"featured_media":0,"parent":0,"menu_order":0,"comment_status":"closed","ping_status":"closed","template":"","meta":{"pgc_sgb_lightbox_settings":"","footnotes":""},"class_list":["post-87","page","type-page","status-publish","hentry"],"_links":{"self":[{"href":"http:\/\/karahanyurtlar.com\/index.php\/wp-json\/wp\/v2\/pages\/87","targetHints":{"allow":["GET"]}}],"collection":[{"href":"http:\/\/karahanyurtlar.com\/index.php\/wp-json\/wp\/v2\/pages"}],"about":[{"href":"http:\/\/karahanyurtlar.com\/index.php\/wp-json\/wp\/v2\/types\/page"}],"author":[{"embeddable":true,"href":"http:\/\/karahanyurtlar.com\/index.php\/wp-json\/wp\/v2\/users\/1"}],"replies":[{"embeddable":true,"href":"http:\/\/karahanyurtlar.com\/index.php\/wp-json\/wp\/v2\/comments?post=87"}],"version-history":[{"count":3,"href":"http:\/\/karahanyurtlar.com\/index.php\/wp-json\/wp\/v2\/pages\/87\/revisions"}],"predecessor-version":[{"id":810,"href":"http:\/\/karahanyurtlar.com\/index.php\/wp-json\/wp\/v2\/pages\/87\/revisions\/810"}],"wp:attachment":[{"href":"http:\/\/karahanyurtlar.com\/index.php\/wp-json\/wp\/v2\/media?parent=87"}],"curies":[{"name":"wp","href":"https:\/\/api.w.org\/{rel}","templated":true}]}}