{"id":648,"date":"2024-07-17T12:13:05","date_gmt":"2024-07-17T12:13:05","guid":{"rendered":"http:\/\/karahanyurtlar.com\/?page_id=648"},"modified":"2024-08-21T11:23:59","modified_gmt":"2024-08-21T11:23:59","slug":"hizmetlerimiz","status":"publish","type":"page","link":"http:\/\/karahanyurtlar.com\/index.php\/hizmetlerimiz\/","title":{"rendered":"H\u0130ZMETLER\u0130M\u0130Z"},"content":{"rendered":"\n<div class=\"wp-block-cover aligncenter is-light\" style=\"min-height:140px;aspect-ratio:unset;\"><span aria-hidden=\"true\" class=\"wp-block-cover__background has-background-dim\" style=\"background-color:#b6afa4\"><\/span><img fetchpriority=\"high\" decoding=\"async\" width=\"1290\" height=\"2796\" class=\"wp-block-cover__image-background wp-image-662\" alt=\"\" src=\"http:\/\/karahanyurtlar.com\/wp-content\/uploads\/2024\/07\/IMG_6889-min-1.png\" style=\"object-position:46% 52%\" data-object-fit=\"cover\" data-object-position=\"46% 52%\" srcset=\"http:\/\/karahanyurtlar.com\/wp-content\/uploads\/2024\/07\/IMG_6889-min-1.png 1290w, http:\/\/karahanyurtlar.com\/wp-content\/uploads\/2024\/07\/IMG_6889-min-1-138x300.png 138w, http:\/\/karahanyurtlar.com\/wp-content\/uploads\/2024\/07\/IMG_6889-min-1-472x1024.png 472w, http:\/\/karahanyurtlar.com\/wp-content\/uploads\/2024\/07\/IMG_6889-min-1-768x1665.png 768w, http:\/\/karahanyurtlar.com\/wp-content\/uploads\/2024\/07\/IMG_6889-min-1-709x1536.png 709w, http:\/\/karahanyurtlar.com\/wp-content\/uploads\/2024\/07\/IMG_6889-min-1-945x2048.png 945w\" sizes=\"(max-width: 1290px) 100vw, 1290px\" \/><div class=\"wp-block-cover__inner-container is-layout-flow wp-block-cover-is-layout-flow\">\n<p class=\"has-text-align-center has-light-color-color has-text-color has-link-color has-quicksand-font-family has-large-font-size wp-elements-d54b58a97374f9469b253db1cc76581c\">\u00d6\u011eRENC\u0130LER\u0130M\u0130ZE SUNDU\u011eUMUZ H\u0130ZMETLER<\/p>\n<\/div><\/div>\n\n\n\n<div class=\"wp-block-group has-light-color-background-color has-background is-layout-constrained wp-container-core-group-is-layout-fe139564 wp-block-group-is-layout-constrained\" style=\"margin-top:0;margin-bottom:var(--wp--preset--spacing--60)\">\n<p class=\"has-text-align-center has-blue-color has-text-color has-link-color has-libre-baskerville-font-family wp-elements-671826e2fbe36dbb369263b194c1f8bc\" style=\"margin-top:var(--wp--preset--spacing--20);margin-bottom:var(--wp--preset--spacing--20);font-size:clamp(18.959px, 1.185rem + ((1vw - 3.2px) * 0.673), 30px);font-style:normal;font-weight:700\">SABAH KAHVALTISI ve AK\u015eAM YEME\u011e\u0130<\/p>\n\n\n\n<div class=\"wp-block-columns is-layout-flex wp-container-core-columns-is-layout-28f84493 wp-block-columns-is-layout-flex\">\n<div class=\"wp-block-column is-layout-flow wp-block-column-is-layout-flow\" style=\"flex-basis:25%\">\n<div class=\"wp-block-group about-us-first-section is-vertical is-content-justification-right is-layout-flex wp-container-core-group-is-layout-b5bd5c8a wp-block-group-is-layout-flex\">\n<figure class=\"wp-block-image aligncenter size-full is-resized has-custom-border first-image\"><img decoding=\"async\" width=\"1500\" height=\"1001\" src=\"http:\/\/karahanyurtlar.com\/wp-content\/uploads\/2024\/07\/KAHVALTI.jpg\" alt=\"\" class=\"has-border-color has-blue-border-color wp-image-649\" style=\"border-width:3px;width:308px;height:auto\" srcset=\"http:\/\/karahanyurtlar.com\/wp-content\/uploads\/2024\/07\/KAHVALTI.jpg 1500w, http:\/\/karahanyurtlar.com\/wp-content\/uploads\/2024\/07\/KAHVALTI-300x200.jpg 300w, http:\/\/karahanyurtlar.com\/wp-content\/uploads\/2024\/07\/KAHVALTI-1024x683.jpg 1024w, http:\/\/karahanyurtlar.com\/wp-content\/uploads\/2024\/07\/KAHVALTI-768x513.jpg 768w\" sizes=\"(max-width: 1500px) 100vw, 1500px\" \/><\/figure>\n<\/div>\n<\/div>\n\n\n\n<div class=\"wp-block-column is-layout-flow wp-block-column-is-layout-flow\" style=\"flex-basis:35%\">\n<div class=\"wp-block-group about-us-second-section is-vertical is-content-justification-left is-layout-flex wp-container-core-group-is-layout-9f20b499 wp-block-group-is-layout-flex\" style=\"padding-top:var(--wp--preset--spacing--70);padding-bottom:var(--wp--preset--spacing--70)\">\n<figure class=\"wp-block-image aligncenter size-full is-resized has-custom-border\"><img decoding=\"async\" width=\"800\" height=\"600\" src=\"http:\/\/karahanyurtlar.com\/wp-content\/uploads\/2024\/07\/YEMEK.jpeg\" alt=\"\" class=\"has-border-color has-orange-border-color wp-image-650\" style=\"border-width:3px;width:354px;height:auto\" srcset=\"http:\/\/karahanyurtlar.com\/wp-content\/uploads\/2024\/07\/YEMEK.jpeg 800w, http:\/\/karahanyurtlar.com\/wp-content\/uploads\/2024\/07\/YEMEK-300x225.jpeg 300w, http:\/\/karahanyurtlar.com\/wp-content\/uploads\/2024\/07\/YEMEK-768x576.jpeg 768w\" sizes=\"(max-width: 800px) 100vw, 800px\" \/><\/figure>\n<\/div>\n<\/div>\n\n\n\n<div class=\"wp-block-column is-vertically-aligned-center about-us-second-side is-layout-flow wp-block-column-is-layout-flow\" style=\"padding-right:var(--wp--preset--spacing--70);padding-left:var(--wp--preset--spacing--70);flex-basis:40%\">\n<p><\/p>\n\n\n\n<p><\/p>\n\n\n\n<p><\/p>\n\n\n\n<p class=\"has-dark-color-color has-text-color has-link-color has-libre-baskerville-font-family wp-elements-9148800bd69338fe69bf9aa2aebb1538\" style=\"font-size:clamp(14px, 0.875rem + ((1vw - 3.2px) * 0.244), 18px);font-style:normal;font-weight:400;line-height:1.5\">   Zengin a\u00e7\u0131k b\u00fcfe sahah kahvalt\u0131m\u0131z ile \u00f6\u011frencilerimiz istedi\u011fini, diledi\u011fi kadar yiyebilmektedir. <\/p>\n\n\n\n<p class=\"has-dark-color-color has-text-color has-link-color has-libre-baskerville-font-family wp-elements-9392007c48423fa33fab7a0d1697122a\" style=\"font-size:clamp(14px, 0.875rem + ((1vw - 3.2px) * 0.244), 18px);font-style:normal;font-weight:400;line-height:1.5\">   Ak\u015fam yemeklerini a\u015f\u00e7\u0131m\u0131z yurt binam\u0131zda yapmaktad\u0131r. Her g\u00fcn taze yemekler \u00e7\u0131kmaktad\u0131r. Men\u00fcm\u00fcz \u00f6\u011frencilerimizin isteklerine g\u00f6re \u015fekillenmektedir. <\/p>\n\n\n\n<p class=\"has-dark-color-color has-text-color has-link-color has-libre-baskerville-font-family wp-elements-f1e5e6a08f01c9f8042ecb9552d6e659\" style=\"font-size:clamp(14px, 0.875rem + ((1vw - 3.2px) * 0.244), 18px);font-style:normal;font-weight:400;line-height:1.5\">   \u00d6zel beslenme ihtiyac\u0131 do\u011frultusunda \u00f6\u011frencilerimize \u00f6zel yemek \u00e7\u0131kmaktad\u0131r. (Etsiz, tuzsuz vb. )<\/p>\n\n\n\n<p><\/p>\n\n\n\n<p><\/p>\n<\/div>\n<\/div>\n<\/div>\n\n\n\n<div class=\"wp-block-group has-light-color-background-color has-background is-layout-constrained wp-container-core-group-is-layout-fe139564 wp-block-group-is-layout-constrained\" style=\"margin-top:0;margin-bottom:var(--wp--preset--spacing--60)\">\n<p class=\"has-text-align-center has-blue-color has-text-color has-link-color has-libre-baskerville-font-family wp-elements-04153727fa22f4344f15d7bc051f85fe\" style=\"margin-top:var(--wp--preset--spacing--20);margin-bottom:var(--wp--preset--spacing--20);font-size:clamp(18.959px, 1.185rem + ((1vw - 3.2px) * 0.673), 30px);font-style:normal;font-weight:700\">24 SAAT SICAK SU<\/p>\n\n\n\n<div class=\"wp-block-columns is-layout-flex wp-container-core-columns-is-layout-28f84493 wp-block-columns-is-layout-flex\">\n<div class=\"wp-block-column is-layout-flow wp-block-column-is-layout-flow\" style=\"flex-basis:25%\">\n<div class=\"wp-block-group about-us-first-section is-vertical is-content-justification-right is-layout-flex wp-container-core-group-is-layout-b5bd5c8a wp-block-group-is-layout-flex\">\n<figure class=\"wp-block-image aligncenter size-full is-resized has-custom-border first-image\"><img loading=\"lazy\" decoding=\"async\" width=\"600\" height=\"342\" src=\"http:\/\/karahanyurtlar.com\/wp-content\/uploads\/2024\/07\/dus.webp\" alt=\"\" class=\"has-border-color has-blue-border-color wp-image-651\" style=\"border-width:3px;width:378px;height:auto\" srcset=\"http:\/\/karahanyurtlar.com\/wp-content\/uploads\/2024\/07\/dus.webp 600w, http:\/\/karahanyurtlar.com\/wp-content\/uploads\/2024\/07\/dus-300x171.webp 300w\" sizes=\"(max-width: 600px) 100vw, 600px\" \/><\/figure>\n<\/div>\n<\/div>\n\n\n\n<div class=\"wp-block-column is-layout-flow wp-block-column-is-layout-flow\" style=\"flex-basis:35%\"><\/div>\n\n\n\n<div class=\"wp-block-column is-vertically-aligned-center about-us-second-side is-layout-flow wp-block-column-is-layout-flow\" style=\"padding-right:var(--wp--preset--spacing--70);padding-left:var(--wp--preset--spacing--70);flex-basis:40%\">\n<p class=\"has-text-align-left\"><\/p>\n\n\n\n<p class=\"has-dark-color-color has-text-color has-link-color has-quicksand-font-family wp-elements-892c9e2f197ff4073c70751091570c8c\" style=\"font-size:clamp(14px, 0.875rem + ((1vw - 3.2px) * 0.244), 18px);font-style:normal;font-weight:400;line-height:1.5\">24 SAAT SICAK SU KULLANIMI <\/p>\n<\/div>\n<\/div>\n<\/div>\n\n\n\n<p class=\"has-text-align-center has-blue-color has-text-color has-link-color has-libre-baskerville-font-family wp-elements-fc350bd4de4dae7a9ab15c94a7175a1a\" style=\"margin-top:var(--wp--preset--spacing--20);margin-bottom:var(--wp--preset--spacing--20);font-size:clamp(18.959px, 1.185rem + ((1vw - 3.2px) * 0.673), 30px);font-style:normal;font-weight:700\">SINIRSIZ \u0130NTERNET<\/p>\n\n\n\n<div class=\"wp-block-columns is-layout-flex wp-container-core-columns-is-layout-28f84493 wp-block-columns-is-layout-flex\">\n<div class=\"wp-block-column is-layout-flow wp-block-column-is-layout-flow\" style=\"flex-basis:25%\">\n<div class=\"wp-block-group about-us-first-section is-vertical is-content-justification-right is-layout-flex wp-container-core-group-is-layout-b5bd5c8a wp-block-group-is-layout-flex\">\n<figure class=\"wp-block-image aligncenter size-full is-resized has-custom-border first-image\"><img loading=\"lazy\" decoding=\"async\" width=\"750\" height=\"422\" src=\"http:\/\/karahanyurtlar.com\/wp-content\/uploads\/2024\/07\/WIFI.webp\" alt=\"\" class=\"has-border-color has-blue-border-color wp-image-652\" style=\"border-width:3px;width:380px;height:auto\" srcset=\"http:\/\/karahanyurtlar.com\/wp-content\/uploads\/2024\/07\/WIFI.webp 750w, http:\/\/karahanyurtlar.com\/wp-content\/uploads\/2024\/07\/WIFI-300x169.webp 300w\" sizes=\"(max-width: 750px) 100vw, 750px\" \/><\/figure>\n<\/div>\n<\/div>\n\n\n\n<div class=\"wp-block-column is-layout-flow wp-block-column-is-layout-flow\" style=\"flex-basis:35%\"><\/div>\n\n\n\n<div class=\"wp-block-column is-vertically-aligned-center about-us-second-side is-layout-flow wp-block-column-is-layout-flow\" style=\"padding-right:var(--wp--preset--spacing--70);padding-left:var(--wp--preset--spacing--70);flex-basis:40%\">\n<p class=\"has-text-align-left\"><\/p>\n\n\n\n<p class=\"has-dark-color-color has-text-color has-link-color has-quicksand-font-family wp-elements-4325e539ea52fa85de6f4acedd30c21a\" style=\"font-size:clamp(14px, 0.875rem + ((1vw - 3.2px) * 0.244), 18px);font-style:normal;font-weight:400;line-height:1.5\">  HER KATTA BULUNAN W\u0130F\u0130 \u0130LE SORUNSUZ \u0130NTERNET BA\u011eLANTISI <\/p>\n\n\n\n<p class=\"has-dark-color-color has-text-color has-link-color has-quicksand-font-family wp-elements-7bfc24159a6109a8aff24ce2a2a4992f\" style=\"font-size:clamp(14px, 0.875rem + ((1vw - 3.2px) * 0.244), 18px);font-style:normal;font-weight:400;line-height:1.5\">   FOTOKOP\u0130 VE \u00c7IKTI MAK\u0130NES\u0130 BULUNMAKTADIR.<\/p>\n<\/div>\n<\/div>\n\n\n\n<p><br><div class=\"wp-block-columns\"><br><div class=\"wp-block-column\" style=\"flex-basis:25%\"><br><div class=\"wp-block-group about-us-first-section\"><br><br><\/div><br><\/div><br><br><br><br><div class=\"wp-block-column\" style=\"flex-basis:35%\"><\/div><br><br><br><br><div class=\"wp-block-column is-vertically-aligned-center about-us-second-side\" style=\"padding-right:var(--wp--preset--spacing--70);padding-left:var(--wp--preset--spacing--70);flex-basis:40%\"><br><p class=\"has-text-align-left\"><\/p><br><br><br><br><p class=\"has-dark-color-color has-text-color has-link-color has-quicksand-font-family\" style=\"font-size: 18px; line-height: 1.5;\"><\/p><br><\/div><br><\/div><br><\/p>\n\n\n\n<div class=\"wp-block-group has-light-color-background-color has-background is-layout-constrained wp-container-core-group-is-layout-fe139564 wp-block-group-is-layout-constrained\" style=\"margin-top:0;margin-bottom:var(--wp--preset--spacing--60)\">\n<p class=\"has-text-align-center has-blue-color has-text-color has-link-color has-libre-baskerville-font-family wp-elements-cfec499187e28b1797ce1e784ec2f91c\" style=\"margin-top:var(--wp--preset--spacing--20);margin-bottom:var(--wp--preset--spacing--20);font-size:clamp(18.959px, 1.185rem + ((1vw - 3.2px) * 0.673), 30px);font-style:normal;font-weight:700\">\u00c7ALI\u015eMA ODAMIZ<\/p>\n\n\n\n<div class=\"wp-block-columns is-layout-flex wp-container-core-columns-is-layout-28f84493 wp-block-columns-is-layout-flex\">\n<div class=\"wp-block-column is-layout-flow wp-block-column-is-layout-flow\" style=\"flex-basis:25%\">\n<div class=\"wp-block-group about-us-first-section is-vertical is-content-justification-right is-layout-flex wp-container-core-group-is-layout-b5bd5c8a wp-block-group-is-layout-flex\">\n<figure class=\"wp-block-image aligncenter size-full is-resized has-custom-border first-image\"><img loading=\"lazy\" decoding=\"async\" width=\"1920\" height=\"2560\" src=\"http:\/\/karahanyurtlar.com\/wp-content\/uploads\/2024\/08\/378DC8D6-B3A7-4741-ABD8-E8FD3C0F351B-1-scaled.jpeg\" alt=\"\" class=\"has-border-color has-blue-border-color wp-image-845\" style=\"border-width:3px;width:380px;height:auto\" srcset=\"http:\/\/karahanyurtlar.com\/wp-content\/uploads\/2024\/08\/378DC8D6-B3A7-4741-ABD8-E8FD3C0F351B-1-scaled.jpeg 1920w, http:\/\/karahanyurtlar.com\/wp-content\/uploads\/2024\/08\/378DC8D6-B3A7-4741-ABD8-E8FD3C0F351B-1-225x300.jpeg 225w, http:\/\/karahanyurtlar.com\/wp-content\/uploads\/2024\/08\/378DC8D6-B3A7-4741-ABD8-E8FD3C0F351B-1-768x1024.jpeg 768w, http:\/\/karahanyurtlar.com\/wp-content\/uploads\/2024\/08\/378DC8D6-B3A7-4741-ABD8-E8FD3C0F351B-1-1152x1536.jpeg 1152w, http:\/\/karahanyurtlar.com\/wp-content\/uploads\/2024\/08\/378DC8D6-B3A7-4741-ABD8-E8FD3C0F351B-1-1536x2048.jpeg 1536w\" sizes=\"(max-width: 1920px) 100vw, 1920px\" \/><\/figure>\n<\/div>\n<\/div>\n\n\n\n<div class=\"wp-block-column is-layout-flow wp-block-column-is-layout-flow\" style=\"flex-basis:35%\"><\/div>\n\n\n\n<div class=\"wp-block-column is-vertically-aligned-center about-us-second-side is-layout-flow wp-block-column-is-layout-flow\" style=\"padding-right:var(--wp--preset--spacing--70);padding-left:var(--wp--preset--spacing--70);flex-basis:40%\">\n<p class=\"has-dark-color-color has-text-color has-link-color has-quicksand-font-family wp-elements-91c633717dadb358e42741166b670ae7\" style=\"font-size:clamp(14px, 0.875rem + ((1vw - 3.2px) * 0.244), 18px);font-style:normal;font-weight:400;line-height:1.5\">24 SAAT A\u00c7IK \u00c7ALI\u015eMA ODASI KULLANIMI<\/p>\n\n\n\n<p class=\"has-libre-baskerville-font-family\" style=\"font-size:clamp(14px, 0.875rem + ((1vw - 3.2px) * 0.244), 18px);font-style:normal;font-weight:400;line-height:1.5\">Duis aute irure dolor in reprehenderit in voluptate velit esse cillum dolore eu fugiat nulla pariatur.<\/p>\n<\/div>\n<\/div>\n<\/div>\n\n\n\n<p><\/p>\n","protected":false},"excerpt":{"rendered":"<p>SABAH KAHVALTISI ve AK\u015eAM YEME\u011e\u0130 Zengin a\u00e7\u0131k b\u00fcfe sahah kahvalt\u0131m\u0131z ile \u00f6\u011frencilerimiz istedi\u011fini, diledi\u011fi kadar yiyebilmektedir. Ak\u015fam yemeklerini a\u015f\u00e7\u0131m\u0131z yurt binam\u0131zda yapmaktad\u0131r. Her g\u00fcn taze yemekler \u00e7\u0131kmaktad\u0131r. Men\u00fcm\u00fcz \u00f6\u011frencilerimizin isteklerine g\u00f6re \u015fekillenmektedir. \u00d6zel beslenme ihtiyac\u0131 do\u011frultusunda \u00f6\u011frencilerimize \u00f6zel yemek \u00e7\u0131kmaktad\u0131r. (Etsiz, tuzsuz vb. ) 24 SAAT SICAK SU 24 SAAT SICAK SU KULLANIMI SINIRSIZ \u0130NTERNET&#8230;<\/p>\n","protected":false},"author":1,"featured_media":0,"parent":0,"menu_order":0,"comment_status":"closed","ping_status":"closed","template":"","meta":{"pgc_sgb_lightbox_settings":"","footnotes":""},"class_list":["post-648","page","type-page","status-publish","hentry"],"_links":{"self":[{"href":"http:\/\/karahanyurtlar.com\/index.php\/wp-json\/wp\/v2\/pages\/648","targetHints":{"allow":["GET"]}}],"collection":[{"href":"http:\/\/karahanyurtlar.com\/index.php\/wp-json\/wp\/v2\/pages"}],"about":[{"href":"http:\/\/karahanyurtlar.com\/index.php\/wp-json\/wp\/v2\/types\/page"}],"author":[{"embeddable":true,"href":"http:\/\/karahanyurtlar.com\/index.php\/wp-json\/wp\/v2\/users\/1"}],"replies":[{"embeddable":true,"href":"http:\/\/karahanyurtlar.com\/index.php\/wp-json\/wp\/v2\/comments?post=648"}],"version-history":[{"count":7,"href":"http:\/\/karahanyurtlar.com\/index.php\/wp-json\/wp\/v2\/pages\/648\/revisions"}],"predecessor-version":[{"id":846,"href":"http:\/\/karahanyurtlar.com\/index.php\/wp-json\/wp\/v2\/pages\/648\/revisions\/846"}],"wp:attachment":[{"href":"http:\/\/karahanyurtlar.com\/index.php\/wp-json\/wp\/v2\/media?parent=648"}],"curies":[{"name":"wp","href":"https:\/\/api.w.org\/{rel}","templated":true}]}}