{"id":529,"date":"2024-07-16T08:19:03","date_gmt":"2024-07-16T08:19:03","guid":{"rendered":"http:\/\/karahanyurtlar.com\/?page_id=529"},"modified":"2025-05-20T16:55:32","modified_gmt":"2025-05-20T16:55:32","slug":"iletisim","status":"publish","type":"page","link":"http:\/\/karahanyurtlar.com\/index.php\/iletisim\/","title":{"rendered":"\u0130LET\u0130\u015e\u0130M"},"content":{"rendered":"\n<div class=\"alignnormal\"><div id=\"metaslider-id-739\" style=\"width: 100%; margin: 0 auto;\" class=\"ml-slider-3-98-0 metaslider metaslider-flex metaslider-739 ml-slider ms-theme-default nav-hidden\" role=\"region\" aria-roledescription=\"Slideshow\" aria-label=\"New Slideshow\" data-width=\"300\">\n    <div id=\"metaslider_container_739\">\n        <div id=\"metaslider_739\" class=\"flexslider\">\n            <ul class='slides'>\n                <li style=\"display: block; width: 100%;\" class=\"slide-740 ms-image \" aria-roledescription=\"slide\" aria-label=\"slide-740\" data-date=\"2024-07-20 20:32:21\"><img fetchpriority=\"high\" decoding=\"async\" src=\"http:\/\/karahanyurtlar.com\/wp-content\/uploads\/2024\/07\/b212b64d-bd1f-487c-9f76-c49e44bbd7a4-2-300x300.jpg\" height=\"300\" width=\"300\" alt=\"\" class=\"slider-739 slide-740\" title=\"b212b64d-bd1f-487c-9f76-c49e44bbd7a4\" \/><\/li>\n                <li style=\"display: none; width: 100%;\" class=\"slide-743 ms-image \" aria-roledescription=\"slide\" aria-label=\"slide-743\" data-date=\"2024-07-20 20:33:05\"><img decoding=\"async\" src=\"http:\/\/karahanyurtlar.com\/wp-content\/uploads\/2024\/07\/9e505fa4-a41f-401b-8b4c-c7ba12ff30a0-2-min-300x300.jpg\" height=\"300\" width=\"300\" alt=\"\" class=\"slider-739 slide-743\" title=\"9e505fa4-a41f-401b-8b4c-c7ba12ff30a0 2-min\" \/><\/li>\n                <li style=\"display: none; width: 100%;\" class=\"slide-744 ms-image \" aria-roledescription=\"slide\" aria-label=\"slide-744\" data-date=\"2024-07-20 20:33:31\"><img decoding=\"async\" src=\"http:\/\/karahanyurtlar.com\/wp-content\/uploads\/2024\/07\/IMG_8488-min-scaled-300x300.jpg\" height=\"300\" width=\"300\" alt=\"\" class=\"slider-739 slide-744\" title=\"IMG_8488-min\" \/><\/li>\n                <li style=\"display: none; width: 100%;\" class=\"slide-742 ms-image \" aria-roledescription=\"slide\" aria-label=\"slide-742\" data-date=\"2024-07-20 20:32:36\"><img loading=\"lazy\" decoding=\"async\" src=\"http:\/\/karahanyurtlar.com\/wp-content\/uploads\/2024\/07\/IMG_8464-min-scaled-300x300.jpg\" height=\"300\" width=\"300\" alt=\"\" class=\"slider-739 slide-742\" title=\"IMG_8464-min\" \/><\/li>\n                <li style=\"display: none; width: 100%;\" class=\"slide-741 ms-image \" aria-roledescription=\"slide\" aria-label=\"slide-741\" data-date=\"2024-07-20 20:32:29\"><img loading=\"lazy\" decoding=\"async\" src=\"http:\/\/karahanyurtlar.com\/wp-content\/uploads\/2024\/07\/IMG_8519-min-scaled-300x300.jpg\" height=\"300\" width=\"300\" alt=\"\" class=\"slider-739 slide-741\" title=\"IMG_8519-min\" \/><\/li>\n            <\/ul>\n        <\/div>\n        \n    <\/div>\n<\/div><\/div>\n\n\n\n<p class=\"has-text-align-center has-orange-color has-text-color has-link-color has-libre-baskerville-font-family wp-elements-64623b1b240cc8f085e883cfc9b1f346\" style=\"margin-top:0;margin-bottom:0;font-size:clamp(14px, 0.875rem + ((1vw - 3.2px) * 0.061), 15px);font-style:normal;font-weight:700\"><\/p>\n\n\n\n<div class=\"wp-block-cover aligncenter is-light\" style=\"min-height:95px;aspect-ratio:unset;\"><span aria-hidden=\"true\" class=\"wp-block-cover__background has-blue-background-color has-background-dim-100 has-background-dim\"><\/span><div class=\"wp-block-cover__inner-container is-layout-flow wp-block-cover-is-layout-flow\">\n<p class=\"has-text-align-center has-light-color-color has-text-color has-link-color has-big-font-size wp-elements-6c0982da9404a91b2e5d0748dc6681a0\">TELEFON NUMARALARIMIZ: 0506 126 40 94 &#8211; 0530 622 36 12<\/p>\n\n\n\n<p><\/p>\n<\/div><\/div>\n\n\n\n<div class=\"wp-block-group has-light-color-background-color has-background is-layout-constrained wp-container-core-group-is-layout-fe139564 wp-block-group-is-layout-constrained\" style=\"margin-top:0;margin-bottom:var(--wp--preset--spacing--60)\">\n<p class=\"has-text-align-center has-blue-color has-text-color has-link-color has-libre-baskerville-font-family wp-elements-66aa0f6192343d620c6cc3aaf6c4c4bd\" style=\"margin-top:var(--wp--preset--spacing--20);margin-bottom:var(--wp--preset--spacing--20);font-size:clamp(14px, 0.875rem + ((1vw - 3.2px) * 0.305), 19px);font-style:normal;font-weight:700\"><\/p>\n\n\n\n<div class=\"wp-block-columns is-style-spa-centric-boxshadow has-dark-shade-color has-luminous-vivid-orange-background-color has-text-color has-background has-link-color wp-elements-7f83457fb34d4328506236a4c047e2bf is-layout-flex wp-container-core-columns-is-layout-28f84493 wp-block-columns-is-layout-flex\">\n<div class=\"wp-block-column is-layout-flow wp-block-column-is-layout-flow\" style=\"flex-basis:100%\">\n<div class=\"wp-block-group about-us-second-section has-dark-color-color has-blue-background-color has-text-color has-background has-link-color has-large-font-size wp-elements-6c51d1bf3bc4ce40ebe332989142110b is-vertical is-content-justification-left is-layout-flex wp-container-core-group-is-layout-9f20b499 wp-block-group-is-layout-flex\" style=\"padding-top:var(--wp--preset--spacing--70);padding-bottom:var(--wp--preset--spacing--70)\">\n<div class=\"wp-block-group is-nowrap is-layout-flex wp-container-core-group-is-layout-6c531013 wp-block-group-is-layout-flex\">\n<p class=\"has-light-color-color has-text-color has-link-color has-big-font-size wp-elements-1904423ae74eb72e86f432d0d1129be5\">ADRES: I\u015eINLAR MAH \u0130VED\u0130K CAD. NO:100 YEN\u0130MAHALLE\/ANKARA<\/p>\n<\/div>\n<\/div>\n<\/div>\n<\/div>\n<\/div>\n\n\n\n<iframe src=\"https:\/\/www.google.com\/maps\/embed?pb=!1m18!1m12!1m3!1d3058.1316950950286!2d32.814860800000005!3d39.960808199999995!2m3!1f0!2f0!3f0!3m2!1i1024!2i768!4f13.1!3m3!1m2!1s0x14d34f4f0cdb1533%3A0x2b6b3d2380e9f6e8!2zS2FyYWhhbiBLxLF6IMOWxJ9yZW5jaSBZdXJkdQ!5e0!3m2!1str!2str!4v1721507948963!5m2!1str!2str\" width=\"400\" height=\"300\" style=\"border:0;\" allowfullscreen=\"\" loading=\"lazy\" referrerpolicy=\"no-referrer-when-downgrade\"><\/iframe>\n","protected":false},"excerpt":{"rendered":"<p>ADRES: I\u015eINLAR MAH \u0130VED\u0130K CAD. NO:100 YEN\u0130MAHALLE\/ANKARA<\/p>\n","protected":false},"author":1,"featured_media":0,"parent":0,"menu_order":0,"comment_status":"closed","ping_status":"closed","template":"","meta":{"pgc_sgb_lightbox_settings":"","footnotes":""},"class_list":["post-529","page","type-page","status-publish","hentry"],"_links":{"self":[{"href":"http:\/\/karahanyurtlar.com\/index.php\/wp-json\/wp\/v2\/pages\/529","targetHints":{"allow":["GET"]}}],"collection":[{"href":"http:\/\/karahanyurtlar.com\/index.php\/wp-json\/wp\/v2\/pages"}],"about":[{"href":"http:\/\/karahanyurtlar.com\/index.php\/wp-json\/wp\/v2\/types\/page"}],"author":[{"embeddable":true,"href":"http:\/\/karahanyurtlar.com\/index.php\/wp-json\/wp\/v2\/users\/1"}],"replies":[{"embeddable":true,"href":"http:\/\/karahanyurtlar.com\/index.php\/wp-json\/wp\/v2\/comments?post=529"}],"version-history":[{"count":32,"href":"http:\/\/karahanyurtlar.com\/index.php\/wp-json\/wp\/v2\/pages\/529\/revisions"}],"predecessor-version":[{"id":901,"href":"http:\/\/karahanyurtlar.com\/index.php\/wp-json\/wp\/v2\/pages\/529\/revisions\/901"}],"wp:attachment":[{"href":"http:\/\/karahanyurtlar.com\/index.php\/wp-json\/wp\/v2\/media?parent=529"}],"curies":[{"name":"wp","href":"https:\/\/api.w.org\/{rel}","templated":true}]}}