{"id":450,"date":"2024-07-10T22:10:46","date_gmt":"2024-07-10T22:10:46","guid":{"rendered":"http:\/\/karahanyurtlar.com\/?page_id=450"},"modified":"2024-07-17T12:28:41","modified_gmt":"2024-07-17T12:28:41","slug":"hakkimizda","status":"publish","type":"page","link":"http:\/\/karahanyurtlar.com\/index.php\/hakkimizda\/","title":{"rendered":"HAKKIMIZDA"},"content":{"rendered":"\n<p><\/p>\n\n\n\n<div class=\"wp-block-cover aligncenter is-light\" style=\"min-height:140px;aspect-ratio:unset;\"><span aria-hidden=\"true\" class=\"wp-block-cover__background has-background-dim\" style=\"background-color:#b6afa4\"><\/span><img fetchpriority=\"high\" decoding=\"async\" width=\"1290\" height=\"2796\" class=\"wp-block-cover__image-background wp-image-662\" alt=\"\" src=\"http:\/\/karahanyurtlar.com\/wp-content\/uploads\/2024\/07\/IMG_6889-min-1.png\" style=\"object-position:46% 52%\" data-object-fit=\"cover\" data-object-position=\"46% 52%\" srcset=\"http:\/\/karahanyurtlar.com\/wp-content\/uploads\/2024\/07\/IMG_6889-min-1.png 1290w, http:\/\/karahanyurtlar.com\/wp-content\/uploads\/2024\/07\/IMG_6889-min-1-138x300.png 138w, http:\/\/karahanyurtlar.com\/wp-content\/uploads\/2024\/07\/IMG_6889-min-1-472x1024.png 472w, http:\/\/karahanyurtlar.com\/wp-content\/uploads\/2024\/07\/IMG_6889-min-1-768x1665.png 768w, http:\/\/karahanyurtlar.com\/wp-content\/uploads\/2024\/07\/IMG_6889-min-1-709x1536.png 709w, http:\/\/karahanyurtlar.com\/wp-content\/uploads\/2024\/07\/IMG_6889-min-1-945x2048.png 945w\" sizes=\"(max-width: 1290px) 100vw, 1290px\" \/><div class=\"wp-block-cover__inner-container is-layout-flow wp-block-cover-is-layout-flow\">\n<p class=\"has-text-align-center has-light-color-color has-text-color has-link-color has-quicksand-font-family has-large-font-size wp-elements-fc01ca03b6d9f87354ea6c69ef92f233\">20 YILLIK TECR\u00dcBE<\/p>\n<\/div><\/div>\n\n\n\n<p class=\"has-dark-color-color has-text-color has-link-color wp-elements-00284c28214630b35f82ec6214cf65a6\"><\/p>\n\n\n\n<p class=\"has-text-align-center has-dark-shade-color has-light-color-background-color has-text-color has-background has-link-color has-quicksand-font-family has-big-font-size wp-elements-699677edaf2170521d006c2bc8da9636\">Yurdumuz yirmi y\u0131ld\u0131r y\u00fcksek \u00f6\u011frenimi yapmak \u00fczere ailesinden farkl\u0131 \u015fehirde ya\u015fayan k\u0131zlar\u0131m\u0131z\u0131n kalacak yer sorunu giderme \u00e7abas\u0131ndad\u0131r.<\/p>\n\n\n\n<p class=\"has-text-align-center has-dark-shade-color has-light-color-background-color has-text-color has-background has-link-color has-quicksand-font-family has-big-font-size wp-elements-d78515a8cceaf586432c82400fe0645c\">Atat\u00fcrk ilke ve devrimlerinden hi\u00e7bir zaman \u00f6d\u00fcn vermeyen \u00e7a\u011fda\u015f y\u00f6netim anlay\u0131\u015f\u0131 ile yola \u00e7\u0131kan Gen\u00e7lik ve Spor Bakanl\u0131\u011f\u0131 b\u00fcnyesinde hizmet vermekteyiz.<\/p>\n\n\n\n<p class=\"has-text-align-center has-dark-shade-color has-light-color-background-color has-text-color has-background has-link-color has-quicksand-font-family has-big-font-size wp-elements-5c3f68fae807189d17e2feb2e625c268\">\u00d6nceli\u011fimiz her zaman bizi tercih eden can\u0131m \u00f6\u011frencilerimizin aile s\u0131cakl\u0131\u011f\u0131nda, huzur ve g\u00fcven i\u00e7inde ya\u015famas\u0131n\u0131 sa\u011flamakt\u0131r.<\/p>\n\n\n\n<p class=\"has-text-align-center has-dark-shade-color has-light-color-background-color has-text-color has-background has-link-color has-quicksand-font-family has-big-font-size wp-elements-db36811202d7ce0c5fd11be261ffd238\">Yurdumuz konum olarak <strong>Yenimahalle<\/strong> il\u00e7esi <strong>\u0130vedik Caddesi<\/strong>n de yer almaktad\u0131r ve ula\u015f\u0131m y\u00f6n\u00fcnden en merkezi yere sahiptir. T\u00fcm \u00fcniversitelere <strong>tek vas\u0131ta<\/strong> ile gidilir .<\/p>\n\n\n<div class=\"pgc-sgb-cb wp-block-pgcsimplygalleryblock-grid \" data-gallery-id=\"b6d31038\"><div class=\"sgb-preloader\" id=\"pr_b6d31038\">\n\t<div class=\"sgb-square\" style=\"background:#d4d4d4\"><\/div>\n\t<div class=\"sgb-square\" style=\"background:#d4d4d4\"><\/div>\n\t<div class=\"sgb-square\" style=\"background:#d4d4d4\"><\/div>\n\t<div class=\"sgb-square\" style=\"background:#d4d4d4\"><\/div><\/div><div class=\"simply-gallery-amp pgc_sgb_slider \" style=\"display: none;\"><div class=\"sgb-gallery\"><div class=\"sgb-item\"><a href=\"http:\/\/karahanyurtlar.com\/?attachment_id=368\" target=\"_blank\"><img loading=\"lazy\" decoding=\"async\" alt=\"\" width=\"211\" height=\"300\" loading=\"lazy\" src=\"http:\/\/karahanyurtlar.com\/wp-content\/uploads\/2024\/07\/b212b64d-bd1f-487c-9f76-c49e44bbd7a4-2-211x300.jpg\" srcset=\"http:\/\/karahanyurtlar.com\/wp-content\/uploads\/2024\/07\/b212b64d-bd1f-487c-9f76-c49e44bbd7a4-2-211x300.jpg 211w,http:\/\/karahanyurtlar.com\/wp-content\/uploads\/2024\/07\/b212b64d-bd1f-487c-9f76-c49e44bbd7a4-2.jpg 666w\" sizes=\"auto, 250px\"\/><\/a><\/div><div class=\"sgb-item\"><a href=\"http:\/\/karahanyurtlar.com\/?attachment_id=369\" target=\"_blank\"><img loading=\"lazy\" decoding=\"async\" alt=\"\" width=\"225\" height=\"300\" loading=\"lazy\" src=\"http:\/\/karahanyurtlar.com\/wp-content\/uploads\/2024\/07\/IMG_8464-min-225x300.jpg\" srcset=\"http:\/\/karahanyurtlar.com\/wp-content\/uploads\/2024\/07\/IMG_8464-min-225x300.jpg 225w,http:\/\/karahanyurtlar.com\/wp-content\/uploads\/2024\/07\/IMG_8464-min-768x1024.jpg 768w,http:\/\/karahanyurtlar.com\/wp-content\/uploads\/2024\/07\/IMG_8464-min-scaled.jpg 1920w\" sizes=\"auto, 250px\"\/><\/a><\/div><div class=\"sgb-item\"><a href=\"http:\/\/karahanyurtlar.com\/index.php\/hakkimizda\/screenshot\/\" target=\"_blank\"><img loading=\"lazy\" decoding=\"async\" alt=\"\" width=\"171\" height=\"300\" loading=\"lazy\" src=\"http:\/\/karahanyurtlar.com\/wp-content\/uploads\/2024\/07\/IMG_6551-171x300.jpg\" srcset=\"http:\/\/karahanyurtlar.com\/wp-content\/uploads\/2024\/07\/IMG_6551-171x300.jpg 171w,http:\/\/karahanyurtlar.com\/wp-content\/uploads\/2024\/07\/IMG_6551-584x1024.jpg 584w,http:\/\/karahanyurtlar.com\/wp-content\/uploads\/2024\/07\/IMG_6551.jpg 1290w\" sizes=\"auto, 250px\"\/><\/a><\/div><div class=\"sgb-item\"><a href=\"http:\/\/karahanyurtlar.com\/?attachment_id=415\" target=\"_blank\"><img loading=\"lazy\" decoding=\"async\" alt=\"\" width=\"225\" height=\"300\" loading=\"lazy\" src=\"http:\/\/karahanyurtlar.com\/wp-content\/uploads\/2024\/07\/OTURMA-min-1-225x300.jpg\" srcset=\"http:\/\/karahanyurtlar.com\/wp-content\/uploads\/2024\/07\/OTURMA-min-1-225x300.jpg 225w,http:\/\/karahanyurtlar.com\/wp-content\/uploads\/2024\/07\/OTURMA-min-1-768x1024.jpg 768w,http:\/\/karahanyurtlar.com\/wp-content\/uploads\/2024\/07\/OTURMA-min-1-scaled.jpg 1920w\" sizes=\"auto, 250px\"\/><\/a><\/div><div class=\"sgb-item\"><a href=\"http:\/\/karahanyurtlar.com\/?attachment_id=370\" target=\"_blank\"><img loading=\"lazy\" decoding=\"async\" alt=\"\" width=\"225\" height=\"300\" loading=\"lazy\" src=\"http:\/\/karahanyurtlar.com\/wp-content\/uploads\/2024\/07\/IMG_8465-min-225x300.jpg\" srcset=\"http:\/\/karahanyurtlar.com\/wp-content\/uploads\/2024\/07\/IMG_8465-min-225x300.jpg 225w,http:\/\/karahanyurtlar.com\/wp-content\/uploads\/2024\/07\/IMG_8465-min-768x1024.jpg 768w,http:\/\/karahanyurtlar.com\/wp-content\/uploads\/2024\/07\/IMG_8465-min-scaled.jpg 1920w\" sizes=\"auto, 250px\"\/><\/a><\/div><div class=\"sgb-item\"><a href=\"http:\/\/karahanyurtlar.com\/image0\/\" target=\"_blank\"><img loading=\"lazy\" decoding=\"async\" alt=\"\" width=\"225\" height=\"300\" loading=\"lazy\" src=\"http:\/\/karahanyurtlar.com\/wp-content\/uploads\/2024\/06\/image0-225x300.jpg\" srcset=\"http:\/\/karahanyurtlar.com\/wp-content\/uploads\/2024\/06\/image0-225x300.jpg 225w,http:\/\/karahanyurtlar.com\/wp-content\/uploads\/2024\/06\/image0.jpg 480w\" sizes=\"auto, 250px\"\/><\/a><\/div><\/div><\/div><script type=\"application\/json\" class=\"sgb-data\">{\"galleryType\":\"pgc_sgb_grid\",\"galleryId\":\"b6d31038\",\"images\":[{\"id\":368,\"title\":\"b212b64d-bd1f-487c-9f76-c49e44bbd7a4\",\"url\":\"http:\/\/karahanyurtlar.com\/wp-content\/uploads\/2024\/07\/b212b64d-bd1f-487c-9f76-c49e44bbd7a4-2.jpg\",\"link\":\"http:\/\/karahanyurtlar.com\/?attachment_id=368\",\"alt\":\"\",\"description\":\"\",\"caption\":\"\",\"mime\":\"image\/jpeg\",\"type\":\"image\",\"width\":666,\"height\":947,\"sizes\":{\"thumbnail\":{\"height\":150,\"width\":150,\"url\":\"http:\/\/karahanyurtlar.com\/wp-content\/uploads\/2024\/07\/b212b64d-bd1f-487c-9f76-c49e44bbd7a4-2-150x150.jpg\",\"orientation\":\"landscape\"},\"medium\":{\"height\":300,\"width\":211,\"url\":\"http:\/\/karahanyurtlar.com\/wp-content\/uploads\/2024\/07\/b212b64d-bd1f-487c-9f76-c49e44bbd7a4-2-211x300.jpg\",\"orientation\":\"portrait\"},\"full\":{\"url\":\"http:\/\/karahanyurtlar.com\/wp-content\/uploads\/2024\/07\/b212b64d-bd1f-487c-9f76-c49e44bbd7a4-2.jpg\",\"height\":947,\"width\":666,\"orientation\":\"portrait\"}},\"imageMeta\":{\"aperture\":\"0\",\"credit\":\"\",\"camera\":\"\",\"caption\":\"\",\"created_timestamp\":\"0\",\"copyright\":\"\",\"focal_length\":\"0\",\"iso\":\"0\",\"shutter_speed\":\"0\",\"title\":\"\",\"orientation\":\"0\",\"keywords\":[]},\"meta\":false,\"postlink\":\"http:\/\/karahanyurtlar.com\/?attachment_id=368\"},{\"id\":369,\"title\":\"IMG_8464-min\",\"url\":\"http:\/\/karahanyurtlar.com\/wp-content\/uploads\/2024\/07\/IMG_8464-min-scaled.jpg\",\"link\":\"http:\/\/karahanyurtlar.com\/?attachment_id=369\",\"alt\":\"\",\"description\":\"\",\"caption\":\"\",\"mime\":\"image\/jpeg\",\"type\":\"image\",\"width\":1920,\"height\":2560,\"sizes\":{\"thumbnail\":{\"height\":150,\"width\":150,\"url\":\"http:\/\/karahanyurtlar.com\/wp-content\/uploads\/2024\/07\/IMG_8464-min-150x150.jpg\",\"orientation\":\"landscape\"},\"medium\":{\"height\":300,\"width\":225,\"url\":\"http:\/\/karahanyurtlar.com\/wp-content\/uploads\/2024\/07\/IMG_8464-min-225x300.jpg\",\"orientation\":\"portrait\"},\"large\":{\"height\":1024,\"width\":768,\"url\":\"http:\/\/karahanyurtlar.com\/wp-content\/uploads\/2024\/07\/IMG_8464-min-768x1024.jpg\",\"orientation\":\"portrait\"},\"full\":{\"url\":\"http:\/\/karahanyurtlar.com\/wp-content\/uploads\/2024\/07\/IMG_8464-min-scaled.jpg\",\"height\":2560,\"width\":1920,\"orientation\":\"portrait\"}},\"imageMeta\":{\"aperture\":\"0\",\"credit\":\"\",\"camera\":\"\",\"caption\":\"\",\"created_timestamp\":\"0\",\"copyright\":\"\",\"focal_length\":\"0\",\"iso\":\"0\",\"shutter_speed\":\"0\",\"title\":\"\",\"orientation\":\"0\",\"keywords\":[]},\"meta\":false,\"postlink\":\"http:\/\/karahanyurtlar.com\/?attachment_id=369\"},{\"id\":497,\"title\":\"\",\"url\":\"http:\/\/karahanyurtlar.com\/wp-content\/uploads\/2024\/07\/IMG_6551.jpg\",\"link\":\"http:\/\/karahanyurtlar.com\/index.php\/hakkimizda\/screenshot\/\",\"alt\":\"\",\"description\":\"\",\"caption\":\"\",\"mime\":\"image\/jpeg\",\"type\":\"image\",\"width\":1290,\"height\":2261,\"sizes\":{\"thumbnail\":{\"height\":150,\"width\":150,\"url\":\"http:\/\/karahanyurtlar.com\/wp-content\/uploads\/2024\/07\/IMG_6551-150x150.jpg\",\"orientation\":\"landscape\"},\"medium\":{\"height\":300,\"width\":171,\"url\":\"http:\/\/karahanyurtlar.com\/wp-content\/uploads\/2024\/07\/IMG_6551-171x300.jpg\",\"orientation\":\"portrait\"},\"large\":{\"height\":1024,\"width\":584,\"url\":\"http:\/\/karahanyurtlar.com\/wp-content\/uploads\/2024\/07\/IMG_6551-584x1024.jpg\",\"orientation\":\"portrait\"},\"full\":{\"url\":\"http:\/\/karahanyurtlar.com\/wp-content\/uploads\/2024\/07\/IMG_6551.jpg\",\"height\":2261,\"width\":1290,\"orientation\":\"portrait\"}},\"imageMeta\":{\"aperture\":\"0\",\"credit\":\"\",\"camera\":\"\",\"caption\":\"Screenshot\",\"created_timestamp\":\"1720710919\",\"copyright\":\"\",\"focal_length\":\"0\",\"iso\":\"0\",\"shutter_speed\":\"0\",\"title\":\"Screenshot\",\"orientation\":\"1\",\"keywords\":[]},\"meta\":false,\"postlink\":\"http:\/\/karahanyurtlar.com\/index.php\/hakkimizda\/screenshot\/\"},{\"id\":415,\"title\":\"OTURMA-min-1\",\"url\":\"http:\/\/karahanyurtlar.com\/wp-content\/uploads\/2024\/07\/OTURMA-min-1-scaled.jpg\",\"link\":\"http:\/\/karahanyurtlar.com\/?attachment_id=415\",\"alt\":\"\",\"description\":\"\",\"caption\":\"\",\"mime\":\"image\/jpeg\",\"type\":\"image\",\"width\":1920,\"height\":2560,\"sizes\":{\"thumbnail\":{\"height\":150,\"width\":150,\"url\":\"http:\/\/karahanyurtlar.com\/wp-content\/uploads\/2024\/07\/OTURMA-min-1-150x150.jpg\",\"orientation\":\"landscape\"},\"medium\":{\"height\":300,\"width\":225,\"url\":\"http:\/\/karahanyurtlar.com\/wp-content\/uploads\/2024\/07\/OTURMA-min-1-225x300.jpg\",\"orientation\":\"portrait\"},\"large\":{\"height\":1024,\"width\":768,\"url\":\"http:\/\/karahanyurtlar.com\/wp-content\/uploads\/2024\/07\/OTURMA-min-1-768x1024.jpg\",\"orientation\":\"portrait\"},\"full\":{\"url\":\"http:\/\/karahanyurtlar.com\/wp-content\/uploads\/2024\/07\/OTURMA-min-1-scaled.jpg\",\"height\":2560,\"width\":1920,\"orientation\":\"portrait\"}},\"imageMeta\":{\"aperture\":\"0\",\"credit\":\"\",\"camera\":\"\",\"caption\":\"\",\"created_timestamp\":\"0\",\"copyright\":\"\",\"focal_length\":\"0\",\"iso\":\"0\",\"shutter_speed\":\"0\",\"title\":\"\",\"orientation\":\"0\",\"keywords\":[]},\"meta\":false,\"postlink\":\"http:\/\/karahanyurtlar.com\/?attachment_id=415\"},{\"id\":370,\"title\":\"IMG_8465-min\",\"url\":\"http:\/\/karahanyurtlar.com\/wp-content\/uploads\/2024\/07\/IMG_8465-min-scaled.jpg\",\"link\":\"http:\/\/karahanyurtlar.com\/?attachment_id=370\",\"alt\":\"\",\"description\":\"\",\"caption\":\"\",\"mime\":\"image\/jpeg\",\"type\":\"image\",\"width\":1920,\"height\":2560,\"sizes\":{\"thumbnail\":{\"height\":150,\"width\":150,\"url\":\"http:\/\/karahanyurtlar.com\/wp-content\/uploads\/2024\/07\/IMG_8465-min-150x150.jpg\",\"orientation\":\"landscape\"},\"medium\":{\"height\":300,\"width\":225,\"url\":\"http:\/\/karahanyurtlar.com\/wp-content\/uploads\/2024\/07\/IMG_8465-min-225x300.jpg\",\"orientation\":\"portrait\"},\"large\":{\"height\":1024,\"width\":768,\"url\":\"http:\/\/karahanyurtlar.com\/wp-content\/uploads\/2024\/07\/IMG_8465-min-768x1024.jpg\",\"orientation\":\"portrait\"},\"full\":{\"url\":\"http:\/\/karahanyurtlar.com\/wp-content\/uploads\/2024\/07\/IMG_8465-min-scaled.jpg\",\"height\":2560,\"width\":1920,\"orientation\":\"portrait\"}},\"imageMeta\":{\"aperture\":\"0\",\"credit\":\"\",\"camera\":\"\",\"caption\":\"\",\"created_timestamp\":\"0\",\"copyright\":\"\",\"focal_length\":\"0\",\"iso\":\"0\",\"shutter_speed\":\"0\",\"title\":\"\",\"orientation\":\"0\",\"keywords\":[]},\"meta\":false,\"postlink\":\"http:\/\/karahanyurtlar.com\/?attachment_id=370\"},{\"id\":119,\"title\":\"image0\",\"url\":\"http:\/\/karahanyurtlar.com\/wp-content\/uploads\/2024\/06\/image0.jpg\",\"link\":\"http:\/\/karahanyurtlar.com\/image0\/\",\"alt\":\"\",\"description\":\"\",\"caption\":\"\",\"mime\":\"image\/jpeg\",\"type\":\"image\",\"width\":480,\"height\":640,\"sizes\":{\"thumbnail\":{\"height\":150,\"width\":150,\"url\":\"http:\/\/karahanyurtlar.com\/wp-content\/uploads\/2024\/06\/image0-150x150.jpg\",\"orientation\":\"landscape\"},\"medium\":{\"height\":300,\"width\":225,\"url\":\"http:\/\/karahanyurtlar.com\/wp-content\/uploads\/2024\/06\/image0-225x300.jpg\",\"orientation\":\"portrait\"},\"full\":{\"url\":\"http:\/\/karahanyurtlar.com\/wp-content\/uploads\/2024\/06\/image0.jpg\",\"height\":640,\"width\":480,\"orientation\":\"portrait\"}},\"imageMeta\":{\"aperture\":\"0\",\"credit\":\"\",\"camera\":\"\",\"caption\":\"\",\"created_timestamp\":\"1659704972\",\"copyright\":\"\",\"focal_length\":\"0\",\"iso\":\"0\",\"shutter_speed\":\"0\",\"title\":\"\",\"orientation\":\"1\",\"keywords\":[]},\"meta\":false,\"postlink\":\"http:\/\/karahanyurtlar.com\/image0\/\"}],\"itemsMetaDataCollection\":[]}<\/script><script>(function(){if(window.PGC_SGB && window.PGC_SGB.searcher){window.PGC_SGB.searcher.initBlocks()}})()<\/script><\/div>\n\n\n<p><\/p>\n\n\n\n<p><\/p>\n","protected":false},"excerpt":{"rendered":"<p>Yurdumuz yirmi y\u0131ld\u0131r y\u00fcksek \u00f6\u011frenimi yapmak \u00fczere ailesinden farkl\u0131 \u015fehirde ya\u015fayan k\u0131zlar\u0131m\u0131z\u0131n kalacak yer sorunu giderme \u00e7abas\u0131ndad\u0131r. Atat\u00fcrk ilke ve devrimlerinden hi\u00e7bir zaman \u00f6d\u00fcn vermeyen \u00e7a\u011fda\u015f y\u00f6netim anlay\u0131\u015f\u0131 ile yola \u00e7\u0131kan Gen\u00e7lik ve Spor Bakanl\u0131\u011f\u0131 b\u00fcnyesinde hizmet vermekteyiz. \u00d6nceli\u011fimiz her zaman bizi tercih eden can\u0131m \u00f6\u011frencilerimizin aile s\u0131cakl\u0131\u011f\u0131nda, huzur ve g\u00fcven i\u00e7inde ya\u015famas\u0131n\u0131 sa\u011flamakt\u0131r. Yurdumuz&#8230;<\/p>\n","protected":false},"author":1,"featured_media":0,"parent":0,"menu_order":0,"comment_status":"closed","ping_status":"closed","template":"","meta":{"pgc_sgb_lightbox_settings":"","footnotes":""},"class_list":["post-450","page","type-page","status-publish","hentry"],"_links":{"self":[{"href":"http:\/\/karahanyurtlar.com\/index.php\/wp-json\/wp\/v2\/pages\/450","targetHints":{"allow":["GET"]}}],"collection":[{"href":"http:\/\/karahanyurtlar.com\/index.php\/wp-json\/wp\/v2\/pages"}],"about":[{"href":"http:\/\/karahanyurtlar.com\/index.php\/wp-json\/wp\/v2\/types\/page"}],"author":[{"embeddable":true,"href":"http:\/\/karahanyurtlar.com\/index.php\/wp-json\/wp\/v2\/users\/1"}],"replies":[{"embeddable":true,"href":"http:\/\/karahanyurtlar.com\/index.php\/wp-json\/wp\/v2\/comments?post=450"}],"version-history":[{"count":11,"href":"http:\/\/karahanyurtlar.com\/index.php\/wp-json\/wp\/v2\/pages\/450\/revisions"}],"predecessor-version":[{"id":667,"href":"http:\/\/karahanyurtlar.com\/index.php\/wp-json\/wp\/v2\/pages\/450\/revisions\/667"}],"wp:attachment":[{"href":"http:\/\/karahanyurtlar.com\/index.php\/wp-json\/wp\/v2\/media?parent=450"}],"curies":[{"name":"wp","href":"https:\/\/api.w.org\/{rel}","templated":true}]}}