{"id":395,"date":"2024-07-10T13:43:23","date_gmt":"2024-07-10T13:43:23","guid":{"rendered":"http:\/\/karahanyurtlar.com\/?page_id=395"},"modified":"2024-08-16T13:53:12","modified_gmt":"2024-08-16T13:53:12","slug":"395-2","status":"publish","type":"page","link":"http:\/\/karahanyurtlar.com\/index.php\/395-2\/","title":{"rendered":"D\u00d6RT K\u0130\u015e\u0130L\u0130K ODALAR"},"content":{"rendered":"\n<p><\/p>\n\n\n\n<div class=\"wp-block-cover aligncenter is-light has-white-color has-text-color has-link-color wp-elements-e9f717960b0795698703773c60a94ccd\" style=\"min-height:121px;aspect-ratio:unset;\"><span aria-hidden=\"true\" class=\"wp-block-cover__background has-light-color-background-color has-background-dim\"><\/span><img decoding=\"async\" class=\"wp-block-cover__image-background wp-image-722\" alt=\"\" src=\"http:\/\/karahanyurtlar.com\/wp-content\/uploads\/2024\/07\/IMG_6889-min-2.png\" data-object-fit=\"cover\"\/><div class=\"wp-block-cover__inner-container is-layout-flow wp-block-cover-is-layout-flow\">\n<p class=\"has-text-align-center has-blue-color has-text-color has-link-color has-quicksand-font-family has-medium-font-size wp-elements-441c5d70c484c38975049e0147fb4981\" style=\"margin-top:var(--wp--preset--spacing--20);margin-bottom:var(--wp--preset--spacing--20)\"><strong>HER \u00d6\u011eRENC\u0130YE B\u0130R ADET GEN\u00c7 ODASI TAKIMI<\/strong><\/p>\n\n\n\n<p class=\"has-text-align-center has-blue-color has-text-color has-link-color has-quicksand-font-family has-medium-font-size wp-elements-825ddec80523c0eded5e7ae8cdf5fd48\" style=\"margin-top:var(--wp--preset--spacing--20);margin-bottom:var(--wp--preset--spacing--20)\">&#8211; <strong>BAZA,<\/strong><\/p>\n\n\n\n<p class=\"has-text-align-center has-blue-color has-text-color has-link-color has-quicksand-font-family has-medium-font-size wp-elements-eb54fb4a99a18c65ad1fca19a0a564d6\" style=\"margin-top:var(--wp--preset--spacing--20);margin-bottom:var(--wp--preset--spacing--20)\"><strong>-\u00dc\u00c7 KAPAKLI \u00c7EKMECEL\u0130 GARDIROP,<\/strong><\/p>\n\n\n\n<p class=\"has-text-align-center has-blue-color has-text-color has-link-color has-quicksand-font-family has-medium-font-size wp-elements-1ddad6e4073b4ae0ce6c8f3dfbddca9d\" style=\"margin-top:var(--wp--preset--spacing--20);margin-bottom:var(--wp--preset--spacing--20)\"><strong>-\u00c7ALI\u015eMA MASASI,<\/strong><\/p>\n\n\n\n<p class=\"has-text-align-center has-blue-color has-text-color has-link-color has-quicksand-font-family has-medium-font-size wp-elements-d3cd0a88e5c3f13995dc6f3bc87f4ce6\" style=\"margin-top:var(--wp--preset--spacing--20);margin-bottom:var(--wp--preset--spacing--20)\"><strong>-NEVRES\u0130M TAKIMI,<\/strong><\/p>\n\n\n\n<p class=\"has-text-align-center has-blue-color has-text-color has-link-color has-quicksand-font-family has-medium-font-size wp-elements-c24073f03870b1611ffd5466d2dca160\" style=\"margin-top:var(--wp--preset--spacing--20);margin-bottom:var(--wp--preset--spacing--20)\"><strong>-YASTIK, YORGAN VE BATTAN\u0130YE<\/strong><\/p>\n\n\n\n<p class=\"has-text-align-center has-blue-color has-text-color has-link-color has-quicksand-font-family has-medium-font-size wp-elements-4cb77816cfc3a60b3ee53da64b8c9086\" style=\"margin-top:var(--wp--preset--spacing--20);margin-bottom:var(--wp--preset--spacing--20)\"><strong>*T\u00dcM ODALARDA M\u0130N\u0130 BUZDOLABI, K\u0130TAPLIK VE ASKILIK<\/strong><\/p>\n<\/div><\/div>\n\n\n\n<p><\/p>\n\n\n\n<div class=\"wp-block-columns is-style-default is-layout-flex wp-container-core-columns-is-layout-28f84493 wp-block-columns-is-layout-flex\">\n<div class=\"wp-block-column is-layout-flow wp-block-column-is-layout-flow\" style=\"flex-basis:100%\"><\/div>\n<\/div>\n\n\n<div class=\"pgc-sgb-cb wp-block-pgcsimplygalleryblock-grid \" data-gallery-id=\"35a84578\"><div class=\"sgb-preloader\" id=\"pr_35a84578\">\n\t<div class=\"sgb-square\" style=\"background:#d4d4d4\"><\/div>\n\t<div class=\"sgb-square\" style=\"background:#d4d4d4\"><\/div>\n\t<div class=\"sgb-square\" style=\"background:#d4d4d4\"><\/div>\n\t<div class=\"sgb-square\" style=\"background:#d4d4d4\"><\/div><\/div><div class=\"simply-gallery-amp pgc_sgb_slider \" style=\"display: none;\"><div class=\"sgb-gallery\"><div class=\"sgb-item\"><a href=\"http:\/\/karahanyurtlar.com\/index.php\/395-2\/img_8367-min\/\" target=\"_blank\"><img loading=\"lazy\" decoding=\"async\" alt=\"\" width=\"300\" height=\"225\" loading=\"lazy\" src=\"http:\/\/karahanyurtlar.com\/wp-content\/uploads\/2024\/08\/IMG_8367-min-300x225.jpg\" srcset=\"http:\/\/karahanyurtlar.com\/wp-content\/uploads\/2024\/08\/IMG_8367-min-300x225.jpg 300w,http:\/\/karahanyurtlar.com\/wp-content\/uploads\/2024\/08\/IMG_8367-min-1024x768.jpg 1024w,http:\/\/karahanyurtlar.com\/wp-content\/uploads\/2024\/08\/IMG_8367-min-scaled.jpg 2560w\" sizes=\"auto, 250px\"\/><\/a><\/div><div class=\"sgb-item\"><a href=\"http:\/\/karahanyurtlar.com\/index.php\/395-2\/img_8364-min\/\" target=\"_blank\"><img loading=\"lazy\" decoding=\"async\" alt=\"\" width=\"224\" height=\"300\" loading=\"lazy\" src=\"http:\/\/karahanyurtlar.com\/wp-content\/uploads\/2024\/08\/IMG_8364-min-224x300.jpg\" srcset=\"http:\/\/karahanyurtlar.com\/wp-content\/uploads\/2024\/08\/IMG_8364-min-224x300.jpg 224w,http:\/\/karahanyurtlar.com\/wp-content\/uploads\/2024\/08\/IMG_8364-min-766x1024.jpg 766w,http:\/\/karahanyurtlar.com\/wp-content\/uploads\/2024\/08\/IMG_8364-min-scaled.jpg 1915w\" sizes=\"auto, 250px\"\/><\/a><\/div><div class=\"sgb-item\"><a href=\"http:\/\/karahanyurtlar.com\/index.php\/395-2\/img_8363-min\/\" target=\"_blank\"><img loading=\"lazy\" decoding=\"async\" alt=\"\" width=\"224\" height=\"300\" loading=\"lazy\" src=\"http:\/\/karahanyurtlar.com\/wp-content\/uploads\/2024\/08\/IMG_8363-min-224x300.jpg\" srcset=\"http:\/\/karahanyurtlar.com\/wp-content\/uploads\/2024\/08\/IMG_8363-min-224x300.jpg 224w,http:\/\/karahanyurtlar.com\/wp-content\/uploads\/2024\/08\/IMG_8363-min-766x1024.jpg 766w,http:\/\/karahanyurtlar.com\/wp-content\/uploads\/2024\/08\/IMG_8363-min-scaled.jpg 1915w\" sizes=\"auto, 250px\"\/><\/a><\/div><div class=\"sgb-item\"><a href=\"http:\/\/karahanyurtlar.com\/index.php\/395-2\/dc52e1db-885c-4ce2-a74c-68a88049fb2f-2\/\" target=\"_blank\"><img loading=\"lazy\" decoding=\"async\" alt=\"\" width=\"228\" height=\"300\" loading=\"lazy\" src=\"http:\/\/karahanyurtlar.com\/wp-content\/uploads\/2024\/07\/dc52e1db-885c-4ce2-a74c-68a88049fb2f-2-228x300.jpg\" srcset=\"http:\/\/karahanyurtlar.com\/wp-content\/uploads\/2024\/07\/dc52e1db-885c-4ce2-a74c-68a88049fb2f-2-228x300.jpg 228w,http:\/\/karahanyurtlar.com\/wp-content\/uploads\/2024\/07\/dc52e1db-885c-4ce2-a74c-68a88049fb2f-2.jpg 739w\" sizes=\"auto, 250px\"\/><\/a><\/div><div class=\"sgb-item\"><a href=\"http:\/\/karahanyurtlar.com\/index.php\/395-2\/a3b8c8b0-253e-4f28-891b-da634ea9bd71-min\/\" target=\"_blank\"><img loading=\"lazy\" decoding=\"async\" alt=\"\" width=\"300\" height=\"225\" loading=\"lazy\" src=\"http:\/\/karahanyurtlar.com\/wp-content\/uploads\/2024\/07\/a3b8c8b0-253e-4f28-891b-da634ea9bd71-min-300x225.jpg\" srcset=\"http:\/\/karahanyurtlar.com\/wp-content\/uploads\/2024\/07\/a3b8c8b0-253e-4f28-891b-da634ea9bd71-min-300x225.jpg 300w,http:\/\/karahanyurtlar.com\/wp-content\/uploads\/2024\/07\/a3b8c8b0-253e-4f28-891b-da634ea9bd71-min.jpg 1024w\" sizes=\"auto, 250px\"\/><\/a><\/div><div class=\"sgb-item\"><a href=\"http:\/\/karahanyurtlar.com\/index.php\/395-2\/img_8488-min\/\" target=\"_blank\"><img loading=\"lazy\" decoding=\"async\" alt=\"\" width=\"225\" height=\"300\" loading=\"lazy\" src=\"http:\/\/karahanyurtlar.com\/wp-content\/uploads\/2024\/07\/IMG_8488-min-225x300.jpg\" srcset=\"http:\/\/karahanyurtlar.com\/wp-content\/uploads\/2024\/07\/IMG_8488-min-225x300.jpg 225w,http:\/\/karahanyurtlar.com\/wp-content\/uploads\/2024\/07\/IMG_8488-min-768x1024.jpg 768w,http:\/\/karahanyurtlar.com\/wp-content\/uploads\/2024\/07\/IMG_8488-min-scaled.jpg 1920w\" sizes=\"auto, 250px\"\/><\/a><\/div><\/div><\/div><script type=\"application\/json\" class=\"sgb-data\">{\"collectionColumns\":2,\"thumbHieghtRation\":0.9,\"collectionThumbRecomendedWidth\":250,\"galleryType\":\"pgc_sgb_grid\",\"galleryId\":\"35a84578\",\"images\":[{\"id\":792,\"title\":\"IMG_8367-min\",\"url\":\"http:\/\/karahanyurtlar.com\/wp-content\/uploads\/2024\/08\/IMG_8367-min-scaled.jpg\",\"link\":\"http:\/\/karahanyurtlar.com\/index.php\/395-2\/img_8367-min\/\",\"alt\":\"\",\"description\":\"\",\"caption\":\"\",\"mime\":\"image\/jpeg\",\"type\":\"image\",\"width\":2560,\"height\":1920,\"sizes\":{\"thumbnail\":{\"height\":150,\"width\":150,\"url\":\"http:\/\/karahanyurtlar.com\/wp-content\/uploads\/2024\/08\/IMG_8367-min-150x150.jpg\",\"orientation\":\"landscape\"},\"medium\":{\"height\":225,\"width\":300,\"url\":\"http:\/\/karahanyurtlar.com\/wp-content\/uploads\/2024\/08\/IMG_8367-min-300x225.jpg\",\"orientation\":\"landscape\"},\"large\":{\"height\":768,\"width\":1024,\"url\":\"http:\/\/karahanyurtlar.com\/wp-content\/uploads\/2024\/08\/IMG_8367-min-1024x768.jpg\",\"orientation\":\"landscape\"},\"full\":{\"url\":\"http:\/\/karahanyurtlar.com\/wp-content\/uploads\/2024\/08\/IMG_8367-min-scaled.jpg\",\"height\":1920,\"width\":2560,\"orientation\":\"landscape\"}},\"imageMeta\":{\"aperture\":\"0\",\"credit\":\"\",\"camera\":\"\",\"caption\":\"\",\"created_timestamp\":\"0\",\"copyright\":\"\",\"focal_length\":\"0\",\"iso\":\"0\",\"shutter_speed\":\"0\",\"title\":\"\",\"orientation\":\"0\",\"keywords\":[]},\"meta\":false,\"postlink\":\"http:\/\/karahanyurtlar.com\/index.php\/395-2\/img_8367-min\/\"},{\"id\":793,\"title\":\"IMG_8364-min\",\"url\":\"http:\/\/karahanyurtlar.com\/wp-content\/uploads\/2024\/08\/IMG_8364-min-scaled.jpg\",\"link\":\"http:\/\/karahanyurtlar.com\/index.php\/395-2\/img_8364-min\/\",\"alt\":\"\",\"description\":\"\",\"caption\":\"\",\"mime\":\"image\/jpeg\",\"type\":\"image\",\"width\":1915,\"height\":2560,\"sizes\":{\"thumbnail\":{\"height\":150,\"width\":150,\"url\":\"http:\/\/karahanyurtlar.com\/wp-content\/uploads\/2024\/08\/IMG_8364-min-150x150.jpg\",\"orientation\":\"landscape\"},\"medium\":{\"height\":300,\"width\":224,\"url\":\"http:\/\/karahanyurtlar.com\/wp-content\/uploads\/2024\/08\/IMG_8364-min-224x300.jpg\",\"orientation\":\"portrait\"},\"large\":{\"height\":1024,\"width\":766,\"url\":\"http:\/\/karahanyurtlar.com\/wp-content\/uploads\/2024\/08\/IMG_8364-min-766x1024.jpg\",\"orientation\":\"portrait\"},\"full\":{\"url\":\"http:\/\/karahanyurtlar.com\/wp-content\/uploads\/2024\/08\/IMG_8364-min-scaled.jpg\",\"height\":2560,\"width\":1915,\"orientation\":\"portrait\"}},\"imageMeta\":{\"aperture\":\"0\",\"credit\":\"\",\"camera\":\"\",\"caption\":\"\",\"created_timestamp\":\"0\",\"copyright\":\"\",\"focal_length\":\"0\",\"iso\":\"0\",\"shutter_speed\":\"0\",\"title\":\"\",\"orientation\":\"0\",\"keywords\":[]},\"meta\":false,\"postlink\":\"http:\/\/karahanyurtlar.com\/index.php\/395-2\/img_8364-min\/\"},{\"id\":794,\"title\":\"IMG_8363-min\",\"url\":\"http:\/\/karahanyurtlar.com\/wp-content\/uploads\/2024\/08\/IMG_8363-min-scaled.jpg\",\"link\":\"http:\/\/karahanyurtlar.com\/index.php\/395-2\/img_8363-min\/\",\"alt\":\"\",\"description\":\"\",\"caption\":\"\",\"mime\":\"image\/jpeg\",\"type\":\"image\",\"width\":1915,\"height\":2560,\"sizes\":{\"thumbnail\":{\"height\":150,\"width\":150,\"url\":\"http:\/\/karahanyurtlar.com\/wp-content\/uploads\/2024\/08\/IMG_8363-min-150x150.jpg\",\"orientation\":\"landscape\"},\"medium\":{\"height\":300,\"width\":224,\"url\":\"http:\/\/karahanyurtlar.com\/wp-content\/uploads\/2024\/08\/IMG_8363-min-224x300.jpg\",\"orientation\":\"portrait\"},\"large\":{\"height\":1024,\"width\":766,\"url\":\"http:\/\/karahanyurtlar.com\/wp-content\/uploads\/2024\/08\/IMG_8363-min-766x1024.jpg\",\"orientation\":\"portrait\"},\"full\":{\"url\":\"http:\/\/karahanyurtlar.com\/wp-content\/uploads\/2024\/08\/IMG_8363-min-scaled.jpg\",\"height\":2560,\"width\":1915,\"orientation\":\"portrait\"}},\"imageMeta\":{\"aperture\":\"0\",\"credit\":\"\",\"camera\":\"\",\"caption\":\"\",\"created_timestamp\":\"0\",\"copyright\":\"\",\"focal_length\":\"0\",\"iso\":\"0\",\"shutter_speed\":\"0\",\"title\":\"\",\"orientation\":\"0\",\"keywords\":[]},\"meta\":false,\"postlink\":\"http:\/\/karahanyurtlar.com\/index.php\/395-2\/img_8363-min\/\"},{\"id\":751,\"title\":\"dc52e1db-885c-4ce2-a74c-68a88049fb2f 2\",\"url\":\"http:\/\/karahanyurtlar.com\/wp-content\/uploads\/2024\/07\/dc52e1db-885c-4ce2-a74c-68a88049fb2f-2.jpg\",\"link\":\"http:\/\/karahanyurtlar.com\/index.php\/395-2\/dc52e1db-885c-4ce2-a74c-68a88049fb2f-2\/\",\"alt\":\"\",\"description\":\"\",\"caption\":\"\",\"mime\":\"image\/jpeg\",\"type\":\"image\",\"width\":739,\"height\":971,\"sizes\":{\"thumbnail\":{\"height\":150,\"width\":150,\"url\":\"http:\/\/karahanyurtlar.com\/wp-content\/uploads\/2024\/07\/dc52e1db-885c-4ce2-a74c-68a88049fb2f-2-150x150.jpg\",\"orientation\":\"landscape\"},\"medium\":{\"height\":300,\"width\":228,\"url\":\"http:\/\/karahanyurtlar.com\/wp-content\/uploads\/2024\/07\/dc52e1db-885c-4ce2-a74c-68a88049fb2f-2-228x300.jpg\",\"orientation\":\"portrait\"},\"full\":{\"url\":\"http:\/\/karahanyurtlar.com\/wp-content\/uploads\/2024\/07\/dc52e1db-885c-4ce2-a74c-68a88049fb2f-2.jpg\",\"height\":971,\"width\":739,\"orientation\":\"portrait\"}},\"imageMeta\":{\"aperture\":\"0\",\"credit\":\"\",\"camera\":\"\",\"caption\":\"\",\"created_timestamp\":\"1711388032\",\"copyright\":\"\",\"focal_length\":\"0\",\"iso\":\"0\",\"shutter_speed\":\"0\",\"title\":\"\",\"orientation\":\"1\",\"keywords\":[]},\"meta\":false,\"postlink\":\"http:\/\/karahanyurtlar.com\/index.php\/395-2\/dc52e1db-885c-4ce2-a74c-68a88049fb2f-2\/\"},{\"id\":403,\"title\":\"a3b8c8b0-253e-4f28-891b-da634ea9bd71-min\",\"url\":\"http:\/\/karahanyurtlar.com\/wp-content\/uploads\/2024\/07\/a3b8c8b0-253e-4f28-891b-da634ea9bd71-min.jpg\",\"link\":\"http:\/\/karahanyurtlar.com\/index.php\/395-2\/a3b8c8b0-253e-4f28-891b-da634ea9bd71-min\/\",\"alt\":\"\",\"description\":\"\",\"caption\":\"\",\"mime\":\"image\/jpeg\",\"type\":\"image\",\"width\":1024,\"height\":768,\"sizes\":{\"thumbnail\":{\"height\":150,\"width\":150,\"url\":\"http:\/\/karahanyurtlar.com\/wp-content\/uploads\/2024\/07\/a3b8c8b0-253e-4f28-891b-da634ea9bd71-min-150x150.jpg\",\"orientation\":\"landscape\"},\"medium\":{\"height\":225,\"width\":300,\"url\":\"http:\/\/karahanyurtlar.com\/wp-content\/uploads\/2024\/07\/a3b8c8b0-253e-4f28-891b-da634ea9bd71-min-300x225.jpg\",\"orientation\":\"landscape\"},\"full\":{\"url\":\"http:\/\/karahanyurtlar.com\/wp-content\/uploads\/2024\/07\/a3b8c8b0-253e-4f28-891b-da634ea9bd71-min.jpg\",\"height\":768,\"width\":1024,\"orientation\":\"landscape\"}},\"imageMeta\":{\"aperture\":\"0\",\"credit\":\"\",\"camera\":\"\",\"caption\":\"\",\"created_timestamp\":\"0\",\"copyright\":\"\",\"focal_length\":\"0\",\"iso\":\"0\",\"shutter_speed\":\"0\",\"title\":\"\",\"orientation\":\"0\",\"keywords\":[]},\"meta\":false,\"postlink\":\"http:\/\/karahanyurtlar.com\/index.php\/395-2\/a3b8c8b0-253e-4f28-891b-da634ea9bd71-min\/\"},{\"id\":396,\"title\":\"IMG_8488-min\",\"url\":\"http:\/\/karahanyurtlar.com\/wp-content\/uploads\/2024\/07\/IMG_8488-min-scaled.jpg\",\"link\":\"http:\/\/karahanyurtlar.com\/index.php\/395-2\/img_8488-min\/\",\"alt\":\"\",\"description\":\"\",\"caption\":\"\",\"mime\":\"image\/jpeg\",\"type\":\"image\",\"width\":1920,\"height\":2560,\"sizes\":{\"thumbnail\":{\"height\":150,\"width\":150,\"url\":\"http:\/\/karahanyurtlar.com\/wp-content\/uploads\/2024\/07\/IMG_8488-min-150x150.jpg\",\"orientation\":\"landscape\"},\"medium\":{\"height\":300,\"width\":225,\"url\":\"http:\/\/karahanyurtlar.com\/wp-content\/uploads\/2024\/07\/IMG_8488-min-225x300.jpg\",\"orientation\":\"portrait\"},\"large\":{\"height\":1024,\"width\":768,\"url\":\"http:\/\/karahanyurtlar.com\/wp-content\/uploads\/2024\/07\/IMG_8488-min-768x1024.jpg\",\"orientation\":\"portrait\"},\"full\":{\"url\":\"http:\/\/karahanyurtlar.com\/wp-content\/uploads\/2024\/07\/IMG_8488-min-scaled.jpg\",\"height\":2560,\"width\":1920,\"orientation\":\"portrait\"}},\"imageMeta\":{\"aperture\":\"0\",\"credit\":\"\",\"camera\":\"\",\"caption\":\"\",\"created_timestamp\":\"0\",\"copyright\":\"\",\"focal_length\":\"0\",\"iso\":\"0\",\"shutter_speed\":\"0\",\"title\":\"\",\"orientation\":\"0\",\"keywords\":[]},\"meta\":false,\"postlink\":\"http:\/\/karahanyurtlar.com\/index.php\/395-2\/img_8488-min\/\"}],\"itemsMetaDataCollection\":[]}<\/script><script>(function(){if(window.PGC_SGB && window.PGC_SGB.searcher){window.PGC_SGB.searcher.initBlocks()}})()<\/script><\/div>","protected":false},"excerpt":{"rendered":"","protected":false},"author":1,"featured_media":0,"parent":0,"menu_order":0,"comment_status":"closed","ping_status":"closed","template":"","meta":{"pgc_sgb_lightbox_settings":"","footnotes":""},"class_list":["post-395","page","type-page","status-publish","hentry"],"_links":{"self":[{"href":"http:\/\/karahanyurtlar.com\/index.php\/wp-json\/wp\/v2\/pages\/395","targetHints":{"allow":["GET"]}}],"collection":[{"href":"http:\/\/karahanyurtlar.com\/index.php\/wp-json\/wp\/v2\/pages"}],"about":[{"href":"http:\/\/karahanyurtlar.com\/index.php\/wp-json\/wp\/v2\/types\/page"}],"author":[{"embeddable":true,"href":"http:\/\/karahanyurtlar.com\/index.php\/wp-json\/wp\/v2\/users\/1"}],"replies":[{"embeddable":true,"href":"http:\/\/karahanyurtlar.com\/index.php\/wp-json\/wp\/v2\/comments?post=395"}],"version-history":[{"count":18,"href":"http:\/\/karahanyurtlar.com\/index.php\/wp-json\/wp\/v2\/pages\/395\/revisions"}],"predecessor-version":[{"id":796,"href":"http:\/\/karahanyurtlar.com\/index.php\/wp-json\/wp\/v2\/pages\/395\/revisions\/796"}],"wp:attachment":[{"href":"http:\/\/karahanyurtlar.com\/index.php\/wp-json\/wp\/v2\/media?parent=395"}],"curies":[{"name":"wp","href":"https:\/\/api.w.org\/{rel}","templated":true}]}}