{"id":385,"date":"2024-07-10T13:14:56","date_gmt":"2024-07-10T13:14:56","guid":{"rendered":"http:\/\/karahanyurtlar.com\/?page_id=385"},"modified":"2024-08-21T10:52:16","modified_gmt":"2024-08-21T10:52:16","slug":"385-2","status":"publish","type":"page","link":"http:\/\/karahanyurtlar.com\/index.php\/385-2\/","title":{"rendered":"\u00dc\u00c7 K\u0130\u015e\u0130L\u0130K ODALAR"},"content":{"rendered":"\n<p><\/p>\n\n\n\n<div class=\"wp-block-cover aligncenter is-light\" style=\"min-height:121px;aspect-ratio:unset;\"><span aria-hidden=\"true\" class=\"wp-block-cover__background has-white-background-color has-background-dim-30 has-background-dim\"><\/span><img fetchpriority=\"high\" decoding=\"async\" width=\"1290\" height=\"2796\" class=\"wp-block-cover__image-background wp-image-662\" alt=\"\" src=\"http:\/\/karahanyurtlar.com\/wp-content\/uploads\/2024\/07\/IMG_6889-min-1.png\" data-object-fit=\"cover\" srcset=\"http:\/\/karahanyurtlar.com\/wp-content\/uploads\/2024\/07\/IMG_6889-min-1.png 1290w, http:\/\/karahanyurtlar.com\/wp-content\/uploads\/2024\/07\/IMG_6889-min-1-138x300.png 138w, http:\/\/karahanyurtlar.com\/wp-content\/uploads\/2024\/07\/IMG_6889-min-1-472x1024.png 472w, http:\/\/karahanyurtlar.com\/wp-content\/uploads\/2024\/07\/IMG_6889-min-1-768x1665.png 768w, http:\/\/karahanyurtlar.com\/wp-content\/uploads\/2024\/07\/IMG_6889-min-1-709x1536.png 709w, http:\/\/karahanyurtlar.com\/wp-content\/uploads\/2024\/07\/IMG_6889-min-1-945x2048.png 945w\" sizes=\"(max-width: 1290px) 100vw, 1290px\" \/><div class=\"wp-block-cover__inner-container is-layout-flow wp-block-cover-is-layout-flow\">\n<p class=\"has-text-align-center has-blue-color has-text-color has-link-color has-quicksand-font-family has-medium-font-size wp-elements-441c5d70c484c38975049e0147fb4981\" style=\"margin-top:var(--wp--preset--spacing--20);margin-bottom:var(--wp--preset--spacing--20)\"><strong>HER \u00d6\u011eRENC\u0130YE B\u0130R ADET GEN\u00c7 ODASI TAKIMI<\/strong><\/p>\n\n\n\n<p class=\"has-text-align-center has-blue-color has-text-color has-link-color has-quicksand-font-family has-medium-font-size wp-elements-1d631303e12d261aa7042d1b68cffa40\" style=\"margin-top:var(--wp--preset--spacing--20);margin-bottom:var(--wp--preset--spacing--20)\"><strong>BAZA,<\/strong><\/p>\n\n\n\n<p class=\"has-text-align-center has-blue-color has-text-color has-link-color has-quicksand-font-family has-medium-font-size wp-elements-546be55a1db69b90f4d2708dccfc0047\" style=\"margin-top:var(--wp--preset--spacing--20);margin-bottom:var(--wp--preset--spacing--20)\"><strong>-\u00c7\u0130FT KAPAKLI GARDIROP,<\/strong><\/p>\n\n\n\n<p class=\"has-text-align-center has-blue-color has-text-color has-link-color has-quicksand-font-family has-medium-font-size wp-elements-1ddad6e4073b4ae0ce6c8f3dfbddca9d\" style=\"margin-top:var(--wp--preset--spacing--20);margin-bottom:var(--wp--preset--spacing--20)\"><strong>-\u00c7ALI\u015eMA MASASI,<\/strong><\/p>\n\n\n\n<p class=\"has-text-align-center has-blue-color has-text-color has-link-color has-quicksand-font-family has-medium-font-size wp-elements-d3cd0a88e5c3f13995dc6f3bc87f4ce6\" style=\"margin-top:var(--wp--preset--spacing--20);margin-bottom:var(--wp--preset--spacing--20)\"><strong>-NEVRES\u0130M TAKIMI,<\/strong><\/p>\n\n\n\n<p class=\"has-text-align-center has-blue-color has-text-color has-link-color has-quicksand-font-family has-medium-font-size wp-elements-c24073f03870b1611ffd5466d2dca160\" style=\"margin-top:var(--wp--preset--spacing--20);margin-bottom:var(--wp--preset--spacing--20)\"><strong>-YASTIK, YORGAN VE BATTAN\u0130YE<\/strong><\/p>\n\n\n\n<p class=\"has-text-align-center has-blue-color has-text-color has-link-color has-quicksand-font-family has-medium-font-size wp-elements-4cb77816cfc3a60b3ee53da64b8c9086\" style=\"margin-top:var(--wp--preset--spacing--20);margin-bottom:var(--wp--preset--spacing--20)\"><strong>*T\u00dcM ODALARDA M\u0130N\u0130 BUZDOLABI, K\u0130TAPLIK VE ASKILIK<\/strong><\/p>\n<\/div><\/div>\n\n\n\n<p id=\"block-1dbb2a69-36e5-4f1d-acf1-bb6a2f81931c\">HAKKIMIZDA<\/p>\n\n\n<div class=\"pgc-sgb-cb wp-block-pgcsimplygalleryblock-grid \" data-gallery-id=\"01465774\"><div class=\"sgb-preloader\" id=\"pr_01465774\">\n\t<div class=\"sgb-square\" style=\"background:#d4d4d4\"><\/div>\n\t<div class=\"sgb-square\" style=\"background:#d4d4d4\"><\/div>\n\t<div class=\"sgb-square\" style=\"background:#d4d4d4\"><\/div>\n\t<div class=\"sgb-square\" style=\"background:#d4d4d4\"><\/div><\/div><div class=\"simply-gallery-amp pgc_sgb_slider \" style=\"display: none;\"><div class=\"sgb-gallery\"><div class=\"sgb-item\"><a href=\"http:\/\/karahanyurtlar.com\/wp-content\/uploads\/2024\/08\/3-kisilk-scaled.jpeg\"><img loading=\"lazy\" decoding=\"async\" alt=\"\" width=\"225\" height=\"300\" loading=\"lazy\" src=\"http:\/\/karahanyurtlar.com\/wp-content\/uploads\/2024\/08\/3-kisilk-225x300.jpeg\" srcset=\"http:\/\/karahanyurtlar.com\/wp-content\/uploads\/2024\/08\/3-kisilk-225x300.jpeg 225w,http:\/\/karahanyurtlar.com\/wp-content\/uploads\/2024\/08\/3-kisilk-768x1024.jpeg 768w,http:\/\/karahanyurtlar.com\/wp-content\/uploads\/2024\/08\/3-kisilk-scaled.jpeg 1920w\" sizes=\"auto, 250px\"\/><\/a><\/div><div class=\"sgb-item\"><a href=\"http:\/\/karahanyurtlar.com\/wp-content\/uploads\/2024\/08\/06D6A9EF-ECA9-433D-A562-B73D13CA24FF-scaled.jpeg\"><img loading=\"lazy\" decoding=\"async\" alt=\"\" width=\"225\" height=\"300\" loading=\"lazy\" src=\"http:\/\/karahanyurtlar.com\/wp-content\/uploads\/2024\/08\/06D6A9EF-ECA9-433D-A562-B73D13CA24FF-225x300.jpeg\" srcset=\"http:\/\/karahanyurtlar.com\/wp-content\/uploads\/2024\/08\/06D6A9EF-ECA9-433D-A562-B73D13CA24FF-225x300.jpeg 225w,http:\/\/karahanyurtlar.com\/wp-content\/uploads\/2024\/08\/06D6A9EF-ECA9-433D-A562-B73D13CA24FF-768x1024.jpeg 768w,http:\/\/karahanyurtlar.com\/wp-content\/uploads\/2024\/08\/06D6A9EF-ECA9-433D-A562-B73D13CA24FF-scaled.jpeg 1920w\" sizes=\"auto, 250px\"\/><\/a><\/div><div class=\"sgb-item\"><a href=\"http:\/\/karahanyurtlar.com\/wp-content\/uploads\/2024\/08\/FE808443-6105-4A13-977D-5A40D1F81525-scaled.jpeg\"><img loading=\"lazy\" decoding=\"async\" alt=\"\" width=\"225\" height=\"300\" loading=\"lazy\" src=\"http:\/\/karahanyurtlar.com\/wp-content\/uploads\/2024\/08\/FE808443-6105-4A13-977D-5A40D1F81525-225x300.jpeg\" srcset=\"http:\/\/karahanyurtlar.com\/wp-content\/uploads\/2024\/08\/FE808443-6105-4A13-977D-5A40D1F81525-225x300.jpeg 225w,http:\/\/karahanyurtlar.com\/wp-content\/uploads\/2024\/08\/FE808443-6105-4A13-977D-5A40D1F81525-768x1024.jpeg 768w,http:\/\/karahanyurtlar.com\/wp-content\/uploads\/2024\/08\/FE808443-6105-4A13-977D-5A40D1F81525-scaled.jpeg 1920w\" sizes=\"auto, 250px\"\/><\/a><\/div><div class=\"sgb-item\"><a href=\"http:\/\/karahanyurtlar.com\/wp-content\/uploads\/2024\/07\/IMG_8501-min-scaled.jpg\"><img loading=\"lazy\" decoding=\"async\" alt=\"\" width=\"225\" height=\"300\" loading=\"lazy\" src=\"http:\/\/karahanyurtlar.com\/wp-content\/uploads\/2024\/07\/IMG_8501-min-225x300.jpg\" srcset=\"http:\/\/karahanyurtlar.com\/wp-content\/uploads\/2024\/07\/IMG_8501-min-225x300.jpg 225w,http:\/\/karahanyurtlar.com\/wp-content\/uploads\/2024\/07\/IMG_8501-min-768x1024.jpg 768w,http:\/\/karahanyurtlar.com\/wp-content\/uploads\/2024\/07\/IMG_8501-min-scaled.jpg 1920w\" sizes=\"auto, 250px\"\/><\/a><\/div><\/div><\/div><script type=\"application\/json\" class=\"sgb-data\">{\"collectionColumns\":2,\"galleryType\":\"pgc_sgb_grid\",\"galleryId\":\"01465774\",\"images\":[{\"id\":839,\"title\":\"3 kis\u0327ilk\",\"url\":\"http:\/\/karahanyurtlar.com\/wp-content\/uploads\/2024\/08\/3-kisilk-scaled.jpeg\",\"link\":\"http:\/\/karahanyurtlar.com\/index.php\/385-2\/3-kisilk\/\",\"alt\":\"\",\"description\":\"\",\"caption\":\"\",\"mime\":\"image\/jpeg\",\"type\":\"image\",\"width\":1920,\"height\":2560,\"sizes\":{\"thumbnail\":{\"height\":150,\"width\":150,\"url\":\"http:\/\/karahanyurtlar.com\/wp-content\/uploads\/2024\/08\/3-kisilk-150x150.jpeg\",\"orientation\":\"landscape\"},\"medium\":{\"height\":300,\"width\":225,\"url\":\"http:\/\/karahanyurtlar.com\/wp-content\/uploads\/2024\/08\/3-kisilk-225x300.jpeg\",\"orientation\":\"portrait\"},\"large\":{\"height\":1024,\"width\":768,\"url\":\"http:\/\/karahanyurtlar.com\/wp-content\/uploads\/2024\/08\/3-kisilk-768x1024.jpeg\",\"orientation\":\"portrait\"},\"full\":{\"url\":\"http:\/\/karahanyurtlar.com\/wp-content\/uploads\/2024\/08\/3-kisilk-scaled.jpeg\",\"height\":2560,\"width\":1920,\"orientation\":\"portrait\"}},\"imageMeta\":{\"aperture\":\"0\",\"credit\":\"2thww6z6tz\",\"camera\":\"\",\"caption\":\"\",\"created_timestamp\":\"1724248311\",\"copyright\":\"\",\"focal_length\":\"0\",\"iso\":\"0\",\"shutter_speed\":\"0\",\"title\":\"\",\"orientation\":\"1\",\"keywords\":[]},\"meta\":false},{\"id\":836,\"title\":\"06D6A9EF-ECA9-433D-A562-B73D13CA24FF\",\"url\":\"http:\/\/karahanyurtlar.com\/wp-content\/uploads\/2024\/08\/06D6A9EF-ECA9-433D-A562-B73D13CA24FF-scaled.jpeg\",\"link\":\"http:\/\/karahanyurtlar.com\/index.php\/385-2\/06d6a9ef-eca9-433d-a562-b73d13ca24ff\/\",\"alt\":\"\",\"description\":\"\",\"caption\":\"\",\"mime\":\"image\/jpeg\",\"type\":\"image\",\"width\":1920,\"height\":2560,\"sizes\":{\"thumbnail\":{\"height\":150,\"width\":150,\"url\":\"http:\/\/karahanyurtlar.com\/wp-content\/uploads\/2024\/08\/06D6A9EF-ECA9-433D-A562-B73D13CA24FF-150x150.jpeg\",\"orientation\":\"landscape\"},\"medium\":{\"height\":300,\"width\":225,\"url\":\"http:\/\/karahanyurtlar.com\/wp-content\/uploads\/2024\/08\/06D6A9EF-ECA9-433D-A562-B73D13CA24FF-225x300.jpeg\",\"orientation\":\"portrait\"},\"large\":{\"height\":1024,\"width\":768,\"url\":\"http:\/\/karahanyurtlar.com\/wp-content\/uploads\/2024\/08\/06D6A9EF-ECA9-433D-A562-B73D13CA24FF-768x1024.jpeg\",\"orientation\":\"portrait\"},\"full\":{\"url\":\"http:\/\/karahanyurtlar.com\/wp-content\/uploads\/2024\/08\/06D6A9EF-ECA9-433D-A562-B73D13CA24FF-scaled.jpeg\",\"height\":2560,\"width\":1920,\"orientation\":\"portrait\"}},\"imageMeta\":{\"aperture\":\"0\",\"credit\":\"2thww6z6tz\",\"camera\":\"\",\"caption\":\"\",\"created_timestamp\":\"\",\"copyright\":\"\",\"focal_length\":\"0\",\"iso\":\"0\",\"shutter_speed\":\"0\",\"title\":\"\",\"orientation\":\"1\",\"keywords\":[]},\"meta\":false},{\"id\":837,\"title\":\"FE808443-6105-4A13-977D-5A40D1F81525\",\"url\":\"http:\/\/karahanyurtlar.com\/wp-content\/uploads\/2024\/08\/FE808443-6105-4A13-977D-5A40D1F81525-scaled.jpeg\",\"link\":\"http:\/\/karahanyurtlar.com\/index.php\/385-2\/fe808443-6105-4a13-977d-5a40d1f81525\/\",\"alt\":\"\",\"description\":\"\",\"caption\":\"\",\"mime\":\"image\/jpeg\",\"type\":\"image\",\"width\":1920,\"height\":2560,\"sizes\":{\"thumbnail\":{\"height\":150,\"width\":150,\"url\":\"http:\/\/karahanyurtlar.com\/wp-content\/uploads\/2024\/08\/FE808443-6105-4A13-977D-5A40D1F81525-150x150.jpeg\",\"orientation\":\"landscape\"},\"medium\":{\"height\":300,\"width\":225,\"url\":\"http:\/\/karahanyurtlar.com\/wp-content\/uploads\/2024\/08\/FE808443-6105-4A13-977D-5A40D1F81525-225x300.jpeg\",\"orientation\":\"portrait\"},\"large\":{\"height\":1024,\"width\":768,\"url\":\"http:\/\/karahanyurtlar.com\/wp-content\/uploads\/2024\/08\/FE808443-6105-4A13-977D-5A40D1F81525-768x1024.jpeg\",\"orientation\":\"portrait\"},\"full\":{\"url\":\"http:\/\/karahanyurtlar.com\/wp-content\/uploads\/2024\/08\/FE808443-6105-4A13-977D-5A40D1F81525-scaled.jpeg\",\"height\":2560,\"width\":1920,\"orientation\":\"portrait\"}},\"imageMeta\":{\"aperture\":\"0\",\"credit\":\"2thww6z6tz\",\"camera\":\"\",\"caption\":\"\",\"created_timestamp\":\"1724248078\",\"copyright\":\"\",\"focal_length\":\"0\",\"iso\":\"0\",\"shutter_speed\":\"0\",\"title\":\"\",\"orientation\":\"1\",\"keywords\":[]},\"meta\":false},{\"id\":388,\"title\":\"IMG_8501-min\",\"url\":\"http:\/\/karahanyurtlar.com\/wp-content\/uploads\/2024\/07\/IMG_8501-min-scaled.jpg\",\"link\":\"http:\/\/karahanyurtlar.com\/index.php\/385-2\/img_8501-min\/\",\"alt\":\"\",\"description\":\"\",\"caption\":\"\",\"mime\":\"image\/jpeg\",\"type\":\"image\",\"width\":1920,\"height\":2560,\"sizes\":{\"thumbnail\":{\"height\":150,\"width\":150,\"url\":\"http:\/\/karahanyurtlar.com\/wp-content\/uploads\/2024\/07\/IMG_8501-min-150x150.jpg\",\"orientation\":\"landscape\"},\"medium\":{\"height\":300,\"width\":225,\"url\":\"http:\/\/karahanyurtlar.com\/wp-content\/uploads\/2024\/07\/IMG_8501-min-225x300.jpg\",\"orientation\":\"portrait\"},\"large\":{\"height\":1024,\"width\":768,\"url\":\"http:\/\/karahanyurtlar.com\/wp-content\/uploads\/2024\/07\/IMG_8501-min-768x1024.jpg\",\"orientation\":\"portrait\"},\"full\":{\"url\":\"http:\/\/karahanyurtlar.com\/wp-content\/uploads\/2024\/07\/IMG_8501-min-scaled.jpg\",\"height\":2560,\"width\":1920,\"orientation\":\"portrait\"}},\"imageMeta\":{\"aperture\":\"0\",\"credit\":\"\",\"camera\":\"\",\"caption\":\"\",\"created_timestamp\":\"0\",\"copyright\":\"\",\"focal_length\":\"0\",\"iso\":\"0\",\"shutter_speed\":\"0\",\"title\":\"\",\"orientation\":\"0\",\"keywords\":[]},\"meta\":false}],\"itemsMetaDataCollection\":[]}<\/script><script>(function(){if(window.PGC_SGB && window.PGC_SGB.searcher){window.PGC_SGB.searcher.initBlocks()}})()<\/script><\/div>","protected":false},"excerpt":{"rendered":"<p>HAKKIMIZDA<\/p>\n","protected":false},"author":1,"featured_media":0,"parent":0,"menu_order":4,"comment_status":"closed","ping_status":"closed","template":"","meta":{"pgc_sgb_lightbox_settings":"","footnotes":""},"class_list":["post-385","page","type-page","status-publish","hentry"],"_links":{"self":[{"href":"http:\/\/karahanyurtlar.com\/index.php\/wp-json\/wp\/v2\/pages\/385","targetHints":{"allow":["GET"]}}],"collection":[{"href":"http:\/\/karahanyurtlar.com\/index.php\/wp-json\/wp\/v2\/pages"}],"about":[{"href":"http:\/\/karahanyurtlar.com\/index.php\/wp-json\/wp\/v2\/types\/page"}],"author":[{"embeddable":true,"href":"http:\/\/karahanyurtlar.com\/index.php\/wp-json\/wp\/v2\/users\/1"}],"replies":[{"embeddable":true,"href":"http:\/\/karahanyurtlar.com\/index.php\/wp-json\/wp\/v2\/comments?post=385"}],"version-history":[{"count":15,"href":"http:\/\/karahanyurtlar.com\/index.php\/wp-json\/wp\/v2\/pages\/385\/revisions"}],"predecessor-version":[{"id":840,"href":"http:\/\/karahanyurtlar.com\/index.php\/wp-json\/wp\/v2\/pages\/385\/revisions\/840"}],"wp:attachment":[{"href":"http:\/\/karahanyurtlar.com\/index.php\/wp-json\/wp\/v2\/media?parent=385"}],"curies":[{"name":"wp","href":"https:\/\/api.w.org\/{rel}","templated":true}]}}